{"id":74,"date":"2025-03-22T16:41:01","date_gmt":"2025-03-22T16:41:01","guid":{"rendered":"https:\/\/swen-mercer.com\/de\/?page_id=74"},"modified":"2025-09-17T13:41:53","modified_gmt":"2025-09-17T13:41:53","slug":"misanthropische-memoiren","status":"publish","type":"page","link":"https:\/\/swen-mercer.com\/de\/misanthropische-memoiren\/","title":{"rendered":"Bohnenwahnsinn"},"content":{"rendered":"<style>.kadence-column74_4dbc0a-e9 > .kt-inside-inner-col,.kadence-column74_4dbc0a-e9 > .kt-inside-inner-col:before{border-top-left-radius:0px;border-top-right-radius:0px;border-bottom-right-radius:0px;border-bottom-left-radius:0px;}.kadence-column74_4dbc0a-e9 > .kt-inside-inner-col{column-gap:var(--global-kb-gap-sm, 1rem);}.kadence-column74_4dbc0a-e9 > .kt-inside-inner-col{flex-direction:column;}.kadence-column74_4dbc0a-e9 > .kt-inside-inner-col > .aligncenter{width:100%;}.kadence-column74_4dbc0a-e9 > .kt-inside-inner-col:before{opacity:0.3;}.kadence-column74_4dbc0a-e9{position:relative;}@media all and (max-width: 1024px){.kadence-column74_4dbc0a-e9 > .kt-inside-inner-col{flex-direction:column;justify-content:center;}}@media all and (max-width: 767px){.kadence-column74_4dbc0a-e9 > .kt-inside-inner-col{flex-direction:column;justify-content:center;}}<\/style>\n<div class=\"wp-block-kadence-column kadence-column74_4dbc0a-e9\"><div class=\"kt-inside-inner-col\"><style>.kb-row-layout-id74_79444b-8c > .kt-row-column-wrap{align-content:start;}:where(.kb-row-layout-id74_79444b-8c > .kt-row-column-wrap) > .wp-block-kadence-column{justify-content:start;}.kb-row-layout-id74_79444b-8c > .kt-row-column-wrap{column-gap:var(--global-kb-gap-md, 2rem);row-gap:var(--global-kb-gap-md, 2rem);padding-top:var(--global-kb-spacing-sm, 1.5rem);padding-bottom:var(--global-kb-spacing-sm, 1.5rem);grid-template-columns:minmax(0, calc(45% - ((var(--global-kb-gap-md, 2rem) * 1 )\/2)))minmax(0, calc(55% - ((var(--global-kb-gap-md, 2rem) * 1 )\/2)));}.kb-row-layout-id74_79444b-8c > .kt-row-layout-overlay{opacity:0.30;}@media all and (max-width: 1024px){.kb-row-layout-id74_79444b-8c > .kt-row-column-wrap{grid-template-columns:repeat(2, minmax(0, 1fr));}}@media all and (max-width: 767px){.kb-row-layout-id74_79444b-8c > .kt-row-column-wrap{grid-template-columns:minmax(0, 1fr);}}<\/style><div class=\"kb-row-layout-wrap kb-row-layout-id74_79444b-8c alignnone wp-block-kadence-rowlayout\"><div class=\"kt-row-column-wrap kt-has-2-columns kt-row-layout-equal kt-tab-layout-inherit kt-mobile-layout-row kt-row-valign-top\">\n<style>.kadence-column74_1a5d66-40 > .kt-inside-inner-col{display:flex;}.kadence-column74_1a5d66-40 > .kt-inside-inner-col,.kadence-column74_1a5d66-40 > .kt-inside-inner-col:before{border-top-left-radius:0px;border-top-right-radius:0px;border-bottom-right-radius:0px;border-bottom-left-radius:0px;}.kadence-column74_1a5d66-40 > .kt-inside-inner-col{column-gap:var(--global-kb-gap-sm, 1rem);}.kadence-column74_1a5d66-40 > .kt-inside-inner-col{flex-direction:column;justify-content:center;align-items:center;}.kadence-column74_1a5d66-40 > .kt-inside-inner-col > .kb-image-is-ratio-size{align-self:stretch;}.kadence-column74_1a5d66-40 > .kt-inside-inner-col > .wp-block-kadence-advancedgallery{align-self:stretch;}.kadence-column74_1a5d66-40 > .kt-inside-inner-col > .aligncenter{width:100%;}.kt-row-column-wrap > .kadence-column74_1a5d66-40{align-self:center;}.kt-inner-column-height-full:not(.kt-has-1-columns) > .wp-block-kadence-column.kadence-column74_1a5d66-40{align-self:auto;}.kt-inner-column-height-full:not(.kt-has-1-columns) > .wp-block-kadence-column.kadence-column74_1a5d66-40 > .kt-inside-inner-col{flex-direction:column;justify-content:center;}.kadence-column74_1a5d66-40 > .kt-inside-inner-col:before{opacity:0.3;}.kadence-column74_1a5d66-40{position:relative;}@media all and (max-width: 1024px){.kt-row-column-wrap > .kadence-column74_1a5d66-40{align-self:center;}}@media all and (max-width: 1024px){.kt-inner-column-height-full:not(.kt-has-1-columns) > .wp-block-kadence-column.kadence-column74_1a5d66-40{align-self:auto;}}@media all and (max-width: 1024px){.kt-inner-column-height-full:not(.kt-has-1-columns) > .wp-block-kadence-column.kadence-column74_1a5d66-40 > .kt-inside-inner-col{flex-direction:column;justify-content:center;}}@media all and (max-width: 1024px){.kadence-column74_1a5d66-40 > .kt-inside-inner-col{flex-direction:column;justify-content:center;align-items:center;}}@media all and (max-width: 767px){.kt-row-column-wrap > .kadence-column74_1a5d66-40{align-self:center;}.kt-inner-column-height-full:not(.kt-has-1-columns) > .wp-block-kadence-column.kadence-column74_1a5d66-40{align-self:auto;}.kt-inner-column-height-full:not(.kt-has-1-columns) > .wp-block-kadence-column.kadence-column74_1a5d66-40 > .kt-inside-inner-col{flex-direction:column;justify-content:center;}.kadence-column74_1a5d66-40 > .kt-inside-inner-col{flex-direction:column;justify-content:center;align-items:center;}}<\/style>\n<div class=\"wp-block-kadence-column kadence-column74_1a5d66-40\"><div class=\"kt-inside-inner-col\"><style>.kb-image74_7c4c31-58.kb-image-is-ratio-size, .kb-image74_7c4c31-58 .kb-image-is-ratio-size{max-width:395px;width:100%;}.wp-block-kadence-column > .kt-inside-inner-col > .kb-image74_7c4c31-58.kb-image-is-ratio-size, .wp-block-kadence-column > .kt-inside-inner-col > .kb-image74_7c4c31-58 .kb-image-is-ratio-size{align-self:unset;}.kb-image74_7c4c31-58{max-width:395px;}.image-is-svg.kb-image74_7c4c31-58{-webkit-flex:0 1 100%;flex:0 1 100%;}.image-is-svg.kb-image74_7c4c31-58 img{width:100%;}.kb-image74_7c4c31-58 .kb-image-has-overlay:after{opacity:0.3;}<\/style>\n<figure class=\"wp-block-kadence-image kb-image74_7c4c31-58 size-large\"><img loading=\"lazy\" decoding=\"async\" width=\"644\" height=\"1024\" src=\"https:\/\/swen-mercer.com\/de\/wp-content\/uploads\/2025\/07\/Bohnenwahnsinn-Cover-644x1024.jpg\" alt=\"\" class=\"kb-img wp-image-152\" srcset=\"https:\/\/swen-mercer.com\/de\/wp-content\/uploads\/2025\/07\/Bohnenwahnsinn-Cover-644x1024.jpg 644w, https:\/\/swen-mercer.com\/de\/wp-content\/uploads\/2025\/07\/Bohnenwahnsinn-Cover-189x300.jpg 189w, https:\/\/swen-mercer.com\/de\/wp-content\/uploads\/2025\/07\/Bohnenwahnsinn-Cover-768x1222.jpg 768w, https:\/\/swen-mercer.com\/de\/wp-content\/uploads\/2025\/07\/Bohnenwahnsinn-Cover-965x1536.jpg 965w, https:\/\/swen-mercer.com\/de\/wp-content\/uploads\/2025\/07\/Bohnenwahnsinn-Cover-1287x2048.jpg 1287w, https:\/\/swen-mercer.com\/de\/wp-content\/uploads\/2025\/07\/Bohnenwahnsinn-Cover.jpg 1587w\" sizes=\"auto, (max-width: 644px) 100vw, 644px\" \/><\/figure>\n<\/div><\/div>\n\n\n<style>.kadence-column74_1fd14a-7e > .kt-inside-inner-col,.kadence-column74_1fd14a-7e > .kt-inside-inner-col:before{border-top-left-radius:0px;border-top-right-radius:0px;border-bottom-right-radius:0px;border-bottom-left-radius:0px;}.kadence-column74_1fd14a-7e > .kt-inside-inner-col{column-gap:var(--global-kb-gap-sm, 1rem);}.kadence-column74_1fd14a-7e > .kt-inside-inner-col{flex-direction:column;}.kadence-column74_1fd14a-7e > .kt-inside-inner-col > .aligncenter{width:100%;}.kadence-column74_1fd14a-7e > .kt-inside-inner-col:before{opacity:0.3;}.kadence-column74_1fd14a-7e{position:relative;}@media all and (max-width: 1024px){.kadence-column74_1fd14a-7e > .kt-inside-inner-col{flex-direction:column;justify-content:center;}}@media all and (max-width: 767px){.kadence-column74_1fd14a-7e > .kt-inside-inner-col{flex-direction:column;justify-content:center;}}<\/style>\n<div class=\"wp-block-kadence-column kadence-column74_1fd14a-7e\"><div class=\"kt-inside-inner-col\">\n<h2 class=\"wp-block-heading has-text-align-center\">Bohnenwahnsinn: Ein kaffees\u00fcchtiger Weltreisender erkl\u00e4rt, warum dein Morgenkaffee die Welt regiert<\/h2>\n\n\n\n<p>Haben Sie sich jemals gefragt, warum die halbe Menschheit morgens erst nach der dritten Tasse Kaffee ansprechbar ist? Oder warum manche Menschen bereit sind, f\u00fcr eine Tasse Kaffee mehr zu bezahlen als f\u00fcr ein ordentliches Mittagessen?<\/p>\n\n\n\n<p>&#8220;Bohnenwahnsinn&#8221; nimmt Sie mit auf eine kaffeebetriebene Weltreise \u2013 von den Hochebenen \u00c4thiopiens, wo alles mit einer \u00fcberm\u00fctigen Ziege begann, bis zu den vulkanischen H\u00e4ngen Hawaiis, wo Kaffee so teuer ist wie eine Eigentumswohnung in M\u00fcnchen. Mit schwarzem Humor und einer ordentlichen Portion Sarkasmus erkl\u00e4rt dieses Buch alles, was Sie nie \u00fcber Kaffee wissen wollten (aber jetzt erfahren werden).<\/p>\n\n\n\n<p>Ein Buch f\u00fcr alle, die morgens erst nach dem ersten Kaffee sprechen k\u00f6nnen, die wissen, dass &#8220;noch einen Kaffee&#8221; die Antwort auf die meisten Lebensfragen ist, und die verstehen, dass eine Kaffeepause manchmal die einzige Pause ist, die uns der Tag g\u00f6nnt.<\/p>\n\n\n<style>.wp-block-kadence-advancedbtn.kb-btns74_a01797-aa{gap:var(--global-kb-gap-xs, 0.5rem );justify-content:center;align-items:center;}.kt-btns74_a01797-aa .kt-button{font-weight:normal;font-style:normal;}.kt-btns74_a01797-aa .kt-btn-wrap-0{margin-right:5px;}.wp-block-kadence-advancedbtn.kt-btns74_a01797-aa .kt-btn-wrap-0 .kt-button{color:#555555;border-color:#555555;}.wp-block-kadence-advancedbtn.kt-btns74_a01797-aa .kt-btn-wrap-0 .kt-button:hover, .wp-block-kadence-advancedbtn.kt-btns74_a01797-aa .kt-btn-wrap-0 .kt-button:focus{color:#ffffff;border-color:#444444;}.wp-block-kadence-advancedbtn.kt-btns74_a01797-aa .kt-btn-wrap-0 .kt-button::before{display:none;}.wp-block-kadence-advancedbtn.kt-btns74_a01797-aa .kt-btn-wrap-0 .kt-button:hover, .wp-block-kadence-advancedbtn.kt-btns74_a01797-aa .kt-btn-wrap-0 .kt-button:focus{background:#444444;}<\/style>\n<div class=\"wp-block-kadence-advancedbtn kb-buttons-wrap kb-btns74_a01797-aa\"><style>ul.menu .wp-block-kadence-advancedbtn .kb-btn74_64391b-b5.kb-button{width:initial;}.wp-block-kadence-advancedbtn .kb-btn74_64391b-b5.kb-button{border-top-left-radius:16px;border-top-right-radius:16px;border-bottom-right-radius:16px;border-bottom-left-radius:16px;}<\/style><a class=\"kb-button kt-button button kb-btn74_64391b-b5 kt-btn-size-standard kt-btn-width-type-auto kb-btn-global-outline  kt-btn-has-text-true kt-btn-has-svg-true  wp-block-kadence-singlebtn\" href=\"https:\/\/swen-mercer.com\/de\/wp-content\/uploads\/2025\/07\/GER-EXT-Bohnenwahnsinn.pdf\" target=\"_blank\" rel=\"noreferrer noopener\"><span class=\"kt-btn-inner-text\">Preview <\/span><span class=\"kb-svg-icon-wrap kb-svg-icon-fe_arrowRightCircle kt-btn-icon-side-right\"><svg viewBox=\"0 0 24 24\"  fill=\"none\" stroke=\"currentColor\" stroke-width=\"2\" stroke-linecap=\"round\" stroke-linejoin=\"round\" xmlns=\"http:\/\/www.w3.org\/2000\/svg\"  aria-hidden=\"true\"><circle cx=\"12\" cy=\"12\" r=\"10\"\/><polyline points=\"12 16 16 12 12 8\"\/><line x1=\"8\" y1=\"12\" x2=\"16\" y2=\"12\"\/><\/svg><\/span><\/a>\n\n<style>ul.menu .wp-block-kadence-advancedbtn .kb-btn74_4a3b67-ba.kb-button{width:initial;}.wp-block-kadence-advancedbtn .kb-btn74_4a3b67-ba.kb-button{border-top-left-radius:16px;border-top-right-radius:16px;border-bottom-right-radius:16px;border-bottom-left-radius:16px;}<\/style><a class=\"kb-button kt-button button kb-btn74_4a3b67-ba kt-btn-size-standard kt-btn-width-type-auto kb-btn-global-outline  kt-btn-has-text-true kt-btn-has-svg-true  wp-block-kadence-singlebtn\" href=\"https:\/\/www.amazon.de\/dp\/B0DVBPQ2K9\" target=\"_blank\" rel=\"noreferrer noopener\"><span class=\"kt-btn-inner-text\">Amazon<\/span><span class=\"kb-svg-icon-wrap kb-svg-icon-fe_arrowRightCircle kt-btn-icon-side-right\"><svg viewBox=\"0 0 24 24\"  fill=\"none\" stroke=\"currentColor\" stroke-width=\"2\" stroke-linecap=\"round\" stroke-linejoin=\"round\" xmlns=\"http:\/\/www.w3.org\/2000\/svg\"  aria-hidden=\"true\"><circle cx=\"12\" cy=\"12\" r=\"10\"\/><polyline points=\"12 16 16 12 12 8\"\/><line x1=\"8\" y1=\"12\" x2=\"16\" y2=\"12\"\/><\/svg><\/span><\/a><\/div>\n<\/div><\/div>\n\n<\/div><\/div><\/div><\/div>\n\n\n\n<p><\/p>\n","protected":false},"excerpt":{"rendered":"<p>Bohnenwahnsinn: Ein kaffees\u00fcchtiger Weltreisender erkl\u00e4rt, warum dein Morgenkaffee die Welt regiert Haben Sie sich jemals gefragt, warum die halbe Menschheit morgens erst nach der dritten Tasse Kaffee ansprechbar ist? Oder warum manche Menschen bereit sind, f\u00fcr eine Tasse Kaffee mehr zu bezahlen als f\u00fcr ein ordentliches Mittagessen? &#8220;Bohnenwahnsinn&#8221; nimmt Sie mit auf eine kaffeebetriebene Weltreise&#8230;<\/p>\n","protected":false},"author":1,"featured_media":0,"parent":0,"menu_order":26,"comment_status":"closed","ping_status":"closed","template":"","meta":{"_kad_blocks_custom_css":"","_kad_blocks_head_custom_js":"","_kad_blocks_body_custom_js":"","_kad_blocks_footer_custom_js":"","_kad_post_transparent":"","_kad_post_title":"","_kad_post_layout":"","_kad_post_sidebar_id":"","_kad_post_content_style":"","_kad_post_vertical_padding":"","_kad_post_feature":"","_kad_post_feature_position":"","_kad_post_header":false,"_kad_post_footer":false,"footnotes":""},"class_list":["post-74","page","type-page","status-publish","hentry"],"taxonomy_info":[],"featured_image_src_large":false,"author_info":{"display_name":"mike","author_link":"https:\/\/swen-mercer.com\/de\/author\/mike\/"},"comment_info":0,"_links":{"self":[{"href":"https:\/\/swen-mercer.com\/de\/wp-json\/wp\/v2\/pages\/74","targetHints":{"allow":["GET"]}}],"collection":[{"href":"https:\/\/swen-mercer.com\/de\/wp-json\/wp\/v2\/pages"}],"about":[{"href":"https:\/\/swen-mercer.com\/de\/wp-json\/wp\/v2\/types\/page"}],"author":[{"embeddable":true,"href":"https:\/\/swen-mercer.com\/de\/wp-json\/wp\/v2\/users\/1"}],"replies":[{"embeddable":true,"href":"https:\/\/swen-mercer.com\/de\/wp-json\/wp\/v2\/comments?post=74"}],"version-history":[{"count":7,"href":"https:\/\/swen-mercer.com\/de\/wp-json\/wp\/v2\/pages\/74\/revisions"}],"predecessor-version":[{"id":248,"href":"https:\/\/swen-mercer.com\/de\/wp-json\/wp\/v2\/pages\/74\/revisions\/248"}],"wp:attachment":[{"href":"https:\/\/swen-mercer.com\/de\/wp-json\/wp\/v2\/media?parent=74"}],"curies":[{"name":"wp","href":"https:\/\/api.w.org\/{rel}","templated":true}]}}