{"id":370,"date":"2025-09-08T16:32:35","date_gmt":"2025-09-08T16:32:35","guid":{"rendered":"https:\/\/swen-mercer.com\/de\/?page_id=370"},"modified":"2025-09-17T13:41:53","modified_gmt":"2025-09-17T13:41:53","slug":"misanthropische-memoiren-3-4","status":"publish","type":"page","link":"https:\/\/swen-mercer.com\/de\/misanthropische-memoiren-3-4\/","title":{"rendered":"Frikadellen"},"content":{"rendered":"<style>.kadence-column370_999e24-bb > .kt-inside-inner-col,.kadence-column370_999e24-bb > .kt-inside-inner-col:before{border-top-left-radius:0px;border-top-right-radius:0px;border-bottom-right-radius:0px;border-bottom-left-radius:0px;}.kadence-column370_999e24-bb > .kt-inside-inner-col{column-gap:var(--global-kb-gap-sm, 1rem);}.kadence-column370_999e24-bb > .kt-inside-inner-col{flex-direction:column;}.kadence-column370_999e24-bb > .kt-inside-inner-col > .aligncenter{width:100%;}.kadence-column370_999e24-bb > .kt-inside-inner-col:before{opacity:0.3;}.kadence-column370_999e24-bb{position:relative;}@media all and (max-width: 1024px){.kadence-column370_999e24-bb > .kt-inside-inner-col{flex-direction:column;justify-content:center;}}@media all and (max-width: 767px){.kadence-column370_999e24-bb > .kt-inside-inner-col{flex-direction:column;justify-content:center;}}<\/style>\n<div class=\"wp-block-kadence-column kadence-column370_999e24-bb\"><div class=\"kt-inside-inner-col\"><style>.kb-row-layout-id370_792026-06 > .kt-row-column-wrap{align-content:start;}:where(.kb-row-layout-id370_792026-06 > .kt-row-column-wrap) > .wp-block-kadence-column{justify-content:start;}.kb-row-layout-id370_792026-06 > .kt-row-column-wrap{column-gap:var(--global-kb-gap-md, 2rem);row-gap:var(--global-kb-gap-md, 2rem);padding-top:var(--global-kb-spacing-sm, 1.5rem);padding-bottom:var(--global-kb-spacing-sm, 1.5rem);grid-template-columns:minmax(0, calc(45% - ((var(--global-kb-gap-md, 2rem) * 1 )\/2)))minmax(0, calc(55% - ((var(--global-kb-gap-md, 2rem) * 1 )\/2)));}.kb-row-layout-id370_792026-06 > .kt-row-layout-overlay{opacity:0.30;}@media all and (max-width: 1024px){.kb-row-layout-id370_792026-06 > .kt-row-column-wrap{grid-template-columns:repeat(2, minmax(0, 1fr));}}@media all and (max-width: 767px){.kb-row-layout-id370_792026-06 > .kt-row-column-wrap{grid-template-columns:minmax(0, 1fr);}}<\/style><div class=\"kb-row-layout-wrap kb-row-layout-id370_792026-06 alignnone wp-block-kadence-rowlayout\"><div class=\"kt-row-column-wrap kt-has-2-columns kt-row-layout-equal kt-tab-layout-inherit kt-mobile-layout-row kt-row-valign-top\">\n<style>.kadence-column370_f3490a-da > .kt-inside-inner-col{display:flex;}.kadence-column370_f3490a-da > .kt-inside-inner-col,.kadence-column370_f3490a-da > .kt-inside-inner-col:before{border-top-left-radius:0px;border-top-right-radius:0px;border-bottom-right-radius:0px;border-bottom-left-radius:0px;}.kadence-column370_f3490a-da > .kt-inside-inner-col{column-gap:var(--global-kb-gap-sm, 1rem);}.kadence-column370_f3490a-da > .kt-inside-inner-col{flex-direction:column;justify-content:center;align-items:center;}.kadence-column370_f3490a-da > .kt-inside-inner-col > .kb-image-is-ratio-size{align-self:stretch;}.kadence-column370_f3490a-da > .kt-inside-inner-col > .wp-block-kadence-advancedgallery{align-self:stretch;}.kadence-column370_f3490a-da > .kt-inside-inner-col > .aligncenter{width:100%;}.kt-row-column-wrap > .kadence-column370_f3490a-da{align-self:center;}.kt-inner-column-height-full:not(.kt-has-1-columns) > .wp-block-kadence-column.kadence-column370_f3490a-da{align-self:auto;}.kt-inner-column-height-full:not(.kt-has-1-columns) > .wp-block-kadence-column.kadence-column370_f3490a-da > .kt-inside-inner-col{flex-direction:column;justify-content:center;}.kadence-column370_f3490a-da > .kt-inside-inner-col:before{opacity:0.3;}.kadence-column370_f3490a-da{position:relative;}@media all and (max-width: 1024px){.kt-row-column-wrap > .kadence-column370_f3490a-da{align-self:center;}}@media all and (max-width: 1024px){.kt-inner-column-height-full:not(.kt-has-1-columns) > .wp-block-kadence-column.kadence-column370_f3490a-da{align-self:auto;}}@media all and (max-width: 1024px){.kt-inner-column-height-full:not(.kt-has-1-columns) > .wp-block-kadence-column.kadence-column370_f3490a-da > .kt-inside-inner-col{flex-direction:column;justify-content:center;}}@media all and (max-width: 1024px){.kadence-column370_f3490a-da > .kt-inside-inner-col{flex-direction:column;justify-content:center;align-items:center;}}@media all and (max-width: 767px){.kt-row-column-wrap > .kadence-column370_f3490a-da{align-self:center;}.kt-inner-column-height-full:not(.kt-has-1-columns) > .wp-block-kadence-column.kadence-column370_f3490a-da{align-self:auto;}.kt-inner-column-height-full:not(.kt-has-1-columns) > .wp-block-kadence-column.kadence-column370_f3490a-da > .kt-inside-inner-col{flex-direction:column;justify-content:center;}.kadence-column370_f3490a-da > .kt-inside-inner-col{flex-direction:column;justify-content:center;align-items:center;}}<\/style>\n<div class=\"wp-block-kadence-column kadence-column370_f3490a-da\"><div class=\"kt-inside-inner-col\"><style>.kb-image370_97e70f-98.kb-image-is-ratio-size, .kb-image370_97e70f-98 .kb-image-is-ratio-size{max-width:395px;width:100%;}.wp-block-kadence-column > .kt-inside-inner-col > .kb-image370_97e70f-98.kb-image-is-ratio-size, .wp-block-kadence-column > .kt-inside-inner-col > .kb-image370_97e70f-98 .kb-image-is-ratio-size{align-self:unset;}.kb-image370_97e70f-98{max-width:395px;}.image-is-svg.kb-image370_97e70f-98{-webkit-flex:0 1 100%;flex:0 1 100%;}.image-is-svg.kb-image370_97e70f-98 img{width:100%;}.kb-image370_97e70f-98 .kb-image-has-overlay:after{opacity:0.3;}<\/style>\n<figure class=\"wp-block-kadence-image kb-image370_97e70f-98 size-large\"><img loading=\"lazy\" decoding=\"async\" width=\"644\" height=\"1024\" src=\"https:\/\/swen-mercer.com\/de\/wp-content\/uploads\/2025\/09\/COV-FIN-Frikadellen-644x1024.jpg\" alt=\"\" class=\"kb-img wp-image-371\" srcset=\"https:\/\/swen-mercer.com\/de\/wp-content\/uploads\/2025\/09\/COV-FIN-Frikadellen-644x1024.jpg 644w, https:\/\/swen-mercer.com\/de\/wp-content\/uploads\/2025\/09\/COV-FIN-Frikadellen-189x300.jpg 189w, https:\/\/swen-mercer.com\/de\/wp-content\/uploads\/2025\/09\/COV-FIN-Frikadellen-768x1222.jpg 768w, https:\/\/swen-mercer.com\/de\/wp-content\/uploads\/2025\/09\/COV-FIN-Frikadellen-965x1536.jpg 965w, https:\/\/swen-mercer.com\/de\/wp-content\/uploads\/2025\/09\/COV-FIN-Frikadellen-1287x2048.jpg 1287w, https:\/\/swen-mercer.com\/de\/wp-content\/uploads\/2025\/09\/COV-FIN-Frikadellen.jpg 1587w\" sizes=\"auto, (max-width: 644px) 100vw, 644px\" \/><\/figure>\n<\/div><\/div>\n\n\n<style>.kadence-column370_a1fb40-f0 > .kt-inside-inner-col,.kadence-column370_a1fb40-f0 > .kt-inside-inner-col:before{border-top-left-radius:0px;border-top-right-radius:0px;border-bottom-right-radius:0px;border-bottom-left-radius:0px;}.kadence-column370_a1fb40-f0 > .kt-inside-inner-col{column-gap:var(--global-kb-gap-sm, 1rem);}.kadence-column370_a1fb40-f0 > .kt-inside-inner-col{flex-direction:column;}.kadence-column370_a1fb40-f0 > .kt-inside-inner-col > .aligncenter{width:100%;}.kadence-column370_a1fb40-f0 > .kt-inside-inner-col:before{opacity:0.3;}.kadence-column370_a1fb40-f0{position:relative;}@media all and (max-width: 1024px){.kadence-column370_a1fb40-f0 > .kt-inside-inner-col{flex-direction:column;justify-content:center;}}@media all and (max-width: 767px){.kadence-column370_a1fb40-f0 > .kt-inside-inner-col{flex-direction:column;justify-content:center;}}<\/style>\n<div class=\"wp-block-kadence-column kadence-column370_a1fb40-f0\"><div class=\"kt-inside-inner-col\">\n<h2 class=\"wp-block-heading has-text-align-center\"><strong>Frikadellen, Buletten, Fleischpflanzerl, Klopse \u2013 Eine Kugel, sie zu knechten<\/strong><\/h2>\n\n\n\n<p><br>Deutschland streitet \u00fcber alles: Katholiken gegen Protestanten, Bayern gegen Preu\u00dfen, Sauerkraut gegen Rotkohl. Aber die eigentliche Glaubensfrage ist: <strong>Wie hei\u00dft das Ding aus Hack, das in der Pfanne brutzelt?<\/strong><\/p>\n\n\n\n<p>Dieses Buch nimmt dich mit auf eine Weltreise der Hackb\u00e4llchen:<br>Von schwedischen K\u00f6ttbullar \u00fcber spanische Alb\u00f3ndigas bis hin zu persischen Riesenkugeln, die mit Waln\u00fcssen gef\u00fcllt sind. Selbst exotische Abwege wie philippinische Fisch-Hackb\u00e4llchen oder amerikanische Meatloaf-Cupcakes werden seziert. Und ja: Vegane Erbsenprotein-B\u00e4llchen und Laborhack werden auch erw\u00e4hnt \u2013 allerdings nur, um feierlich ausgeschlossen zu werden.<\/p>\n\n\n\n<hr class=\"wp-block-separator has-alpha-channel-opacity\"\/>\n\n\n\n<p><\/p>\n\n\n\n<p><strong>Dieses Buch ist f\u00fcr dich, wenn \u2026<\/strong><\/p>\n\n\n\n<ul class=\"wp-block-list\">\n<li>du Frikadellen liebst und \u00fcber sie lachen kannst.<\/li>\n\n\n\n<li>dir \u201enormale Kochb\u00fccher\u201c zu langweilig sind.<\/li>\n\n\n\n<li>du Hack magst \u2013 Viel Hack.<\/li>\n<\/ul>\n\n\n\n<p><strong>Dieses Buch ist NICHT f\u00fcr dich, wenn \u2026<\/strong><\/p>\n\n\n\n<ul class=\"wp-block-list\">\n<li>du vegane Erbsenprotein-B\u00e4llchen f\u00fcr eine kulinarische Errungenschaft h\u00e4ltst.<\/li>\n<\/ul>\n\n\n\n<hr class=\"wp-block-separator has-alpha-channel-opacity\"\/>\n\n\n\n<p class=\"has-text-align-center has-small-font-size\"><strong>Frikadellen sind mehr als Essen. Sie sind Kultur. Sie sind Geschichte. Sie sind wir.<\/strong><br>Und dieses Buch ist ihre Liebeserkl\u00e4rung.<\/p>\n\n\n<style>.wp-block-kadence-advancedbtn.kb-btns370_dbf55d-2e{gap:var(--global-kb-gap-xs, 0.5rem );justify-content:center;align-items:center;}.kt-btns370_dbf55d-2e .kt-button{font-weight:normal;font-style:normal;}.kt-btns370_dbf55d-2e .kt-btn-wrap-0{margin-right:5px;}.wp-block-kadence-advancedbtn.kt-btns370_dbf55d-2e .kt-btn-wrap-0 .kt-button{color:#555555;border-color:#555555;}.wp-block-kadence-advancedbtn.kt-btns370_dbf55d-2e .kt-btn-wrap-0 .kt-button:hover, .wp-block-kadence-advancedbtn.kt-btns370_dbf55d-2e .kt-btn-wrap-0 .kt-button:focus{color:#ffffff;border-color:#444444;}.wp-block-kadence-advancedbtn.kt-btns370_dbf55d-2e .kt-btn-wrap-0 .kt-button::before{display:none;}.wp-block-kadence-advancedbtn.kt-btns370_dbf55d-2e .kt-btn-wrap-0 .kt-button:hover, .wp-block-kadence-advancedbtn.kt-btns370_dbf55d-2e .kt-btn-wrap-0 .kt-button:focus{background:#444444;}<\/style>\n<div class=\"wp-block-kadence-advancedbtn kb-buttons-wrap kb-btns370_dbf55d-2e\"><style>ul.menu .wp-block-kadence-advancedbtn .kb-btn370_327b82-ac.kb-button{width:initial;}.wp-block-kadence-advancedbtn .kb-btn370_327b82-ac.kb-button{border-top-left-radius:16px;border-top-right-radius:16px;border-bottom-right-radius:16px;border-bottom-left-radius:16px;}<\/style><a class=\"kb-button kt-button button kb-btn370_327b82-ac kt-btn-size-standard kt-btn-width-type-auto kb-btn-global-outline  kt-btn-has-text-true kt-btn-has-svg-true  wp-block-kadence-singlebtn\" href=\"https:\/\/swen-mercer.com\/de\/wp-content\/uploads\/2025\/09\/GER-Klopse-_-Frikadellen-_-Fleischpflanzerl-_-Buletten.pdf\"><span class=\"kt-btn-inner-text\">Preview<\/span><span class=\"kb-svg-icon-wrap kb-svg-icon-fe_arrowRightCircle kt-btn-icon-side-right\"><svg viewBox=\"0 0 24 24\"  fill=\"none\" stroke=\"currentColor\" stroke-width=\"2\" stroke-linecap=\"round\" stroke-linejoin=\"round\" xmlns=\"http:\/\/www.w3.org\/2000\/svg\"  aria-hidden=\"true\"><circle cx=\"12\" cy=\"12\" r=\"10\"\/><polyline points=\"12 16 16 12 12 8\"\/><line x1=\"8\" y1=\"12\" x2=\"16\" y2=\"12\"\/><\/svg><\/span><\/a>\n\n<style>ul.menu .wp-block-kadence-advancedbtn .kb-btn370_c92780-13.kb-button{width:initial;}.wp-block-kadence-advancedbtn .kb-btn370_c92780-13.kb-button{border-top-left-radius:16px;border-top-right-radius:16px;border-bottom-right-radius:16px;border-bottom-left-radius:16px;}<\/style><a class=\"kb-button kt-button button kb-btn370_c92780-13 kt-btn-size-standard kt-btn-width-type-auto kb-btn-global-outline  kt-btn-has-text-true kt-btn-has-svg-true  wp-block-kadence-singlebtn\" href=\"https:\/\/amzn.eu\/d\/13r67qE\" target=\"_blank\" rel=\"noreferrer noopener\"><span class=\"kt-btn-inner-text\">Amazon<\/span><span class=\"kb-svg-icon-wrap kb-svg-icon-fe_arrowRightCircle kt-btn-icon-side-right\"><svg viewBox=\"0 0 24 24\"  fill=\"none\" stroke=\"currentColor\" stroke-width=\"2\" stroke-linecap=\"round\" stroke-linejoin=\"round\" xmlns=\"http:\/\/www.w3.org\/2000\/svg\"  aria-hidden=\"true\"><circle cx=\"12\" cy=\"12\" r=\"10\"\/><polyline points=\"12 16 16 12 12 8\"\/><line x1=\"8\" y1=\"12\" x2=\"16\" y2=\"12\"\/><\/svg><\/span><\/a><\/div>\n<\/div><\/div>\n\n<\/div><\/div><\/div><\/div>\n","protected":false},"excerpt":{"rendered":"<p>Frikadellen, Buletten, Fleischpflanzerl, Klopse \u2013 Eine Kugel, sie zu knechten Deutschland streitet \u00fcber alles: Katholiken gegen Protestanten, Bayern gegen Preu\u00dfen, Sauerkraut gegen Rotkohl. Aber die eigentliche Glaubensfrage ist: Wie hei\u00dft das Ding aus Hack, das in der Pfanne brutzelt? Dieses Buch nimmt dich mit auf eine Weltreise der Hackb\u00e4llchen:Von schwedischen K\u00f6ttbullar \u00fcber spanische Alb\u00f3ndigas bis&#8230;<\/p>\n","protected":false},"author":1,"featured_media":0,"parent":0,"menu_order":20,"comment_status":"closed","ping_status":"closed","template":"","meta":{"_kad_blocks_custom_css":"","_kad_blocks_head_custom_js":"","_kad_blocks_body_custom_js":"","_kad_blocks_footer_custom_js":"","_kad_post_transparent":"","_kad_post_title":"","_kad_post_layout":"","_kad_post_sidebar_id":"","_kad_post_content_style":"","_kad_post_vertical_padding":"","_kad_post_feature":"","_kad_post_feature_position":"","_kad_post_header":false,"_kad_post_footer":false,"footnotes":""},"class_list":["post-370","page","type-page","status-publish","hentry"],"taxonomy_info":[],"featured_image_src_large":false,"author_info":{"display_name":"mike","author_link":"https:\/\/swen-mercer.com\/de\/author\/mike\/"},"comment_info":0,"_links":{"self":[{"href":"https:\/\/swen-mercer.com\/de\/wp-json\/wp\/v2\/pages\/370","targetHints":{"allow":["GET"]}}],"collection":[{"href":"https:\/\/swen-mercer.com\/de\/wp-json\/wp\/v2\/pages"}],"about":[{"href":"https:\/\/swen-mercer.com\/de\/wp-json\/wp\/v2\/types\/page"}],"author":[{"embeddable":true,"href":"https:\/\/swen-mercer.com\/de\/wp-json\/wp\/v2\/users\/1"}],"replies":[{"embeddable":true,"href":"https:\/\/swen-mercer.com\/de\/wp-json\/wp\/v2\/comments?post=370"}],"version-history":[{"count":5,"href":"https:\/\/swen-mercer.com\/de\/wp-json\/wp\/v2\/pages\/370\/revisions"}],"predecessor-version":[{"id":380,"href":"https:\/\/swen-mercer.com\/de\/wp-json\/wp\/v2\/pages\/370\/revisions\/380"}],"wp:attachment":[{"href":"https:\/\/swen-mercer.com\/de\/wp-json\/wp\/v2\/media?parent=370"}],"curies":[{"name":"wp","href":"https:\/\/api.w.org\/{rel}","templated":true}]}}