{"id":363,"date":"2025-09-08T14:47:02","date_gmt":"2025-09-08T14:47:02","guid":{"rendered":"https:\/\/swen-mercer.com\/de\/?page_id=363"},"modified":"2025-09-17T13:41:53","modified_gmt":"2025-09-17T13:41:53","slug":"misanthropische-memoiren-2-2-2-3","status":"publish","type":"page","link":"https:\/\/swen-mercer.com\/de\/misanthropische-memoiren-2-2-2-3\/","title":{"rendered":"Kartoffelsalat"},"content":{"rendered":"<style>.kadence-column363_88ad45-80 > .kt-inside-inner-col,.kadence-column363_88ad45-80 > .kt-inside-inner-col:before{border-top-left-radius:0px;border-top-right-radius:0px;border-bottom-right-radius:0px;border-bottom-left-radius:0px;}.kadence-column363_88ad45-80 > .kt-inside-inner-col{column-gap:var(--global-kb-gap-sm, 1rem);}.kadence-column363_88ad45-80 > .kt-inside-inner-col{flex-direction:column;}.kadence-column363_88ad45-80 > .kt-inside-inner-col > .aligncenter{width:100%;}.kadence-column363_88ad45-80 > .kt-inside-inner-col:before{opacity:0.3;}.kadence-column363_88ad45-80{position:relative;}@media all and (max-width: 1024px){.kadence-column363_88ad45-80 > .kt-inside-inner-col{flex-direction:column;justify-content:center;}}@media all and (max-width: 767px){.kadence-column363_88ad45-80 > .kt-inside-inner-col{flex-direction:column;justify-content:center;}}<\/style>\n<div class=\"wp-block-kadence-column kadence-column363_88ad45-80\"><div class=\"kt-inside-inner-col\"><style>.kb-row-layout-id363_987dc4-1f > .kt-row-column-wrap{align-content:start;}:where(.kb-row-layout-id363_987dc4-1f > .kt-row-column-wrap) > .wp-block-kadence-column{justify-content:start;}.kb-row-layout-id363_987dc4-1f > .kt-row-column-wrap{column-gap:var(--global-kb-gap-md, 2rem);row-gap:var(--global-kb-gap-md, 2rem);padding-top:var(--global-kb-spacing-sm, 1.5rem);padding-bottom:var(--global-kb-spacing-sm, 1.5rem);grid-template-columns:minmax(0, calc(45% - ((var(--global-kb-gap-md, 2rem) * 1 )\/2)))minmax(0, calc(55% - ((var(--global-kb-gap-md, 2rem) * 1 )\/2)));}.kb-row-layout-id363_987dc4-1f > .kt-row-layout-overlay{opacity:0.30;}@media all and (max-width: 1024px){.kb-row-layout-id363_987dc4-1f > .kt-row-column-wrap{grid-template-columns:repeat(2, minmax(0, 1fr));}}@media all and (max-width: 767px){.kb-row-layout-id363_987dc4-1f > .kt-row-column-wrap{grid-template-columns:minmax(0, 1fr);}}<\/style><div class=\"kb-row-layout-wrap kb-row-layout-id363_987dc4-1f alignnone wp-block-kadence-rowlayout\"><div class=\"kt-row-column-wrap kt-has-2-columns kt-row-layout-equal kt-tab-layout-inherit kt-mobile-layout-row kt-row-valign-top\">\n<style>.kadence-column363_999db1-89 > .kt-inside-inner-col{display:flex;}.kadence-column363_999db1-89 > .kt-inside-inner-col,.kadence-column363_999db1-89 > .kt-inside-inner-col:before{border-top-left-radius:0px;border-top-right-radius:0px;border-bottom-right-radius:0px;border-bottom-left-radius:0px;}.kadence-column363_999db1-89 > .kt-inside-inner-col{column-gap:var(--global-kb-gap-sm, 1rem);}.kadence-column363_999db1-89 > .kt-inside-inner-col{flex-direction:column;justify-content:center;align-items:center;}.kadence-column363_999db1-89 > .kt-inside-inner-col > .kb-image-is-ratio-size{align-self:stretch;}.kadence-column363_999db1-89 > .kt-inside-inner-col > .wp-block-kadence-advancedgallery{align-self:stretch;}.kadence-column363_999db1-89 > .kt-inside-inner-col > .aligncenter{width:100%;}.kt-row-column-wrap > .kadence-column363_999db1-89{align-self:center;}.kt-inner-column-height-full:not(.kt-has-1-columns) > .wp-block-kadence-column.kadence-column363_999db1-89{align-self:auto;}.kt-inner-column-height-full:not(.kt-has-1-columns) > .wp-block-kadence-column.kadence-column363_999db1-89 > .kt-inside-inner-col{flex-direction:column;justify-content:center;}.kadence-column363_999db1-89 > .kt-inside-inner-col:before{opacity:0.3;}.kadence-column363_999db1-89{position:relative;}@media all and (max-width: 1024px){.kt-row-column-wrap > .kadence-column363_999db1-89{align-self:center;}}@media all and (max-width: 1024px){.kt-inner-column-height-full:not(.kt-has-1-columns) > .wp-block-kadence-column.kadence-column363_999db1-89{align-self:auto;}}@media all and (max-width: 1024px){.kt-inner-column-height-full:not(.kt-has-1-columns) > .wp-block-kadence-column.kadence-column363_999db1-89 > .kt-inside-inner-col{flex-direction:column;justify-content:center;}}@media all and (max-width: 1024px){.kadence-column363_999db1-89 > .kt-inside-inner-col{flex-direction:column;justify-content:center;align-items:center;}}@media all and (max-width: 767px){.kt-row-column-wrap > .kadence-column363_999db1-89{align-self:center;}.kt-inner-column-height-full:not(.kt-has-1-columns) > .wp-block-kadence-column.kadence-column363_999db1-89{align-self:auto;}.kt-inner-column-height-full:not(.kt-has-1-columns) > .wp-block-kadence-column.kadence-column363_999db1-89 > .kt-inside-inner-col{flex-direction:column;justify-content:center;}.kadence-column363_999db1-89 > .kt-inside-inner-col{flex-direction:column;justify-content:center;align-items:center;}}<\/style>\n<div class=\"wp-block-kadence-column kadence-column363_999db1-89\"><div class=\"kt-inside-inner-col\"><style>.kb-image363_8fb96a-1c.kb-image-is-ratio-size, .kb-image363_8fb96a-1c .kb-image-is-ratio-size{max-width:395px;width:100%;}.wp-block-kadence-column > .kt-inside-inner-col > .kb-image363_8fb96a-1c.kb-image-is-ratio-size, .wp-block-kadence-column > .kt-inside-inner-col > .kb-image363_8fb96a-1c .kb-image-is-ratio-size{align-self:unset;}.kb-image363_8fb96a-1c{max-width:395px;}.image-is-svg.kb-image363_8fb96a-1c{-webkit-flex:0 1 100%;flex:0 1 100%;}.image-is-svg.kb-image363_8fb96a-1c img{width:100%;}.kb-image363_8fb96a-1c .kb-image-has-overlay:after{opacity:0.3;}<\/style>\n<figure class=\"wp-block-kadence-image kb-image363_8fb96a-1c size-large\"><img loading=\"lazy\" decoding=\"async\" width=\"644\" height=\"1024\" src=\"https:\/\/swen-mercer.com\/de\/wp-content\/uploads\/2025\/09\/GER-COV-FIN--644x1024.jpg\" alt=\"\" class=\"kb-img wp-image-364\" srcset=\"https:\/\/swen-mercer.com\/de\/wp-content\/uploads\/2025\/09\/GER-COV-FIN--644x1024.jpg 644w, https:\/\/swen-mercer.com\/de\/wp-content\/uploads\/2025\/09\/GER-COV-FIN--189x300.jpg 189w, https:\/\/swen-mercer.com\/de\/wp-content\/uploads\/2025\/09\/GER-COV-FIN--768x1222.jpg 768w, https:\/\/swen-mercer.com\/de\/wp-content\/uploads\/2025\/09\/GER-COV-FIN-.jpg 943w\" sizes=\"auto, (max-width: 644px) 100vw, 644px\" \/><\/figure>\n<\/div><\/div>\n\n\n<style>.kadence-column363_7ff4ec-30 > .kt-inside-inner-col,.kadence-column363_7ff4ec-30 > .kt-inside-inner-col:before{border-top-left-radius:0px;border-top-right-radius:0px;border-bottom-right-radius:0px;border-bottom-left-radius:0px;}.kadence-column363_7ff4ec-30 > .kt-inside-inner-col{column-gap:var(--global-kb-gap-sm, 1rem);}.kadence-column363_7ff4ec-30 > .kt-inside-inner-col{flex-direction:column;}.kadence-column363_7ff4ec-30 > .kt-inside-inner-col > .aligncenter{width:100%;}.kadence-column363_7ff4ec-30 > .kt-inside-inner-col:before{opacity:0.3;}.kadence-column363_7ff4ec-30{position:relative;}@media all and (max-width: 1024px){.kadence-column363_7ff4ec-30 > .kt-inside-inner-col{flex-direction:column;justify-content:center;}}@media all and (max-width: 767px){.kadence-column363_7ff4ec-30 > .kt-inside-inner-col{flex-direction:column;justify-content:center;}}<\/style>\n<div class=\"wp-block-kadence-column kadence-column363_7ff4ec-30\"><div class=\"kt-inside-inner-col\">\n<h2 class=\"wp-block-heading has-text-align-center\">Kartoffelsalat \u2013 das Buch, von dem niemand wusste, dass er es braucht<\/h2>\n\n\n\n<p>Deutschland streitet \u00fcber viele Dinge: Politik, Fu\u00dfball, Tempolimit. Aber nichts entzweit die Nation so sehr wie Kartoffelsalat. Mayo oder Br\u00fche? Apfel rein oder nicht? Schlotzig oder trocken? Dieses Buch geht der Sache auf den Grund \u2013 bissig, sarkastisch und mit einer guten Portion schwarzem Humor.<\/p>\n\n\n\n<p>Was Sie erwartet:<\/p>\n\n\n\n<ul class=\"wp-block-list\">\n<li>Die Geschichte des Kartoffelsalats: von der Kartoffel in Europa bis zum Nationalgericht.<\/li>\n\n\n\n<li>Alle regionalen Varianten: vom schw\u00e4bischen Schlotz bis zum Braunschweiger Wurst-Fest.<\/li>\n\n\n\n<li>Internationale Exoten: Island packt ihn in Hot Dogs, Japan macht P\u00fcree draus, die Philippinen kippen Kondensmilch dr\u00fcber.<\/li>\n\n\n\n<li>Moderne Trends: Smashed Potato Salad, vegane Cashew-Experimente und Kartoffelsalat als Luxus mit Tr\u00fcffel\u00f6l.<\/li>\n\n\n\n<li>Wissenschaft &amp; Oma-Hacks: Kartoffelsorten, Gurkenwasser-Tricks und Katastrophenvermeidung.<\/li>\n\n\n\n<li>Anekdoten &amp; Skurriles: von Salmonellen-Festivals bis zu diplomatischen Fauxpas bei Staatsbanketten.<\/li>\n\n\n\n<li>Plus: 20 handfeste Rezepte zum Nachkochen \u2013 damit Sie nach all dem Gel\u00e4ster auch was auf den Teller bekommen.<\/li>\n<\/ul>\n\n\n\n<p>\ud83d\udc49 Ein Buch f\u00fcr alle, die Kartoffelsalat lieben, hassen oder einfach nur wissen wollen, warum man \u00fcber kein anderes Gericht so herrlich streiten kann.<\/p>\n\n\n<style>.wp-block-kadence-advancedbtn.kb-btns363_f33ef2-a7{gap:var(--global-kb-gap-xs, 0.5rem );justify-content:center;align-items:center;}.kt-btns363_f33ef2-a7 .kt-button{font-weight:normal;font-style:normal;}.kt-btns363_f33ef2-a7 .kt-btn-wrap-0{margin-right:5px;}.wp-block-kadence-advancedbtn.kt-btns363_f33ef2-a7 .kt-btn-wrap-0 .kt-button{color:#555555;border-color:#555555;}.wp-block-kadence-advancedbtn.kt-btns363_f33ef2-a7 .kt-btn-wrap-0 .kt-button:hover, .wp-block-kadence-advancedbtn.kt-btns363_f33ef2-a7 .kt-btn-wrap-0 .kt-button:focus{color:#ffffff;border-color:#444444;}.wp-block-kadence-advancedbtn.kt-btns363_f33ef2-a7 .kt-btn-wrap-0 .kt-button::before{display:none;}.wp-block-kadence-advancedbtn.kt-btns363_f33ef2-a7 .kt-btn-wrap-0 .kt-button:hover, .wp-block-kadence-advancedbtn.kt-btns363_f33ef2-a7 .kt-btn-wrap-0 .kt-button:focus{background:#444444;}<\/style>\n<div class=\"wp-block-kadence-advancedbtn kb-buttons-wrap kb-btns363_f33ef2-a7\"><style>ul.menu .wp-block-kadence-advancedbtn .kb-btn363_e30ed7-cc.kb-button{width:initial;}.wp-block-kadence-advancedbtn .kb-btn363_e30ed7-cc.kb-button{border-top-left-radius:16px;border-top-right-radius:16px;border-bottom-right-radius:16px;border-bottom-left-radius:16px;}<\/style><a class=\"kb-button kt-button button kb-btn363_e30ed7-cc kt-btn-size-standard kt-btn-width-type-auto kb-btn-global-outline  kt-btn-has-text-true kt-btn-has-svg-true  wp-block-kadence-singlebtn\" href=\"https:\/\/swen-mercer.com\/de\/wp-content\/uploads\/2025\/09\/Kartoffelsalat-\u2013-Eine-Reise-durch-Schusseln-und-Kulturen.pdf\" target=\"_blank\" rel=\"noreferrer noopener\"><span class=\"kt-btn-inner-text\">Preview<\/span><span class=\"kb-svg-icon-wrap kb-svg-icon-fe_arrowRightCircle kt-btn-icon-side-right\"><svg viewBox=\"0 0 24 24\"  fill=\"none\" stroke=\"currentColor\" stroke-width=\"2\" stroke-linecap=\"round\" stroke-linejoin=\"round\" xmlns=\"http:\/\/www.w3.org\/2000\/svg\"  aria-hidden=\"true\"><circle cx=\"12\" cy=\"12\" r=\"10\"\/><polyline points=\"12 16 16 12 12 8\"\/><line x1=\"8\" y1=\"12\" x2=\"16\" y2=\"12\"\/><\/svg><\/span><\/a>\n\n<style>ul.menu .wp-block-kadence-advancedbtn .kb-btn363_ce4213-25.kb-button{width:initial;}.wp-block-kadence-advancedbtn .kb-btn363_ce4213-25.kb-button{border-top-left-radius:16px;border-top-right-radius:16px;border-bottom-right-radius:16px;border-bottom-left-radius:16px;}<\/style><a class=\"kb-button kt-button button kb-btn363_ce4213-25 kt-btn-size-standard kt-btn-width-type-auto kb-btn-global-outline  kt-btn-has-text-true kt-btn-has-svg-true  wp-block-kadence-singlebtn\" href=\"https:\/\/amzn.eu\/d\/4SeNeUh\" target=\"_blank\" rel=\"noreferrer noopener\"><span class=\"kt-btn-inner-text\">Amazon<\/span><span class=\"kb-svg-icon-wrap kb-svg-icon-fe_arrowRightCircle kt-btn-icon-side-right\"><svg viewBox=\"0 0 24 24\"  fill=\"none\" stroke=\"currentColor\" stroke-width=\"2\" stroke-linecap=\"round\" stroke-linejoin=\"round\" xmlns=\"http:\/\/www.w3.org\/2000\/svg\"  aria-hidden=\"true\"><circle cx=\"12\" cy=\"12\" r=\"10\"\/><polyline points=\"12 16 16 12 12 8\"\/><line x1=\"8\" y1=\"12\" x2=\"16\" y2=\"12\"\/><\/svg><\/span><\/a><\/div>\n<\/div><\/div>\n\n<\/div><\/div><\/div><\/div>\n","protected":false},"excerpt":{"rendered":"<p>Kartoffelsalat \u2013 das Buch, von dem niemand wusste, dass er es braucht Deutschland streitet \u00fcber viele Dinge: Politik, Fu\u00dfball, Tempolimit. Aber nichts entzweit die Nation so sehr wie Kartoffelsalat. Mayo oder Br\u00fche? Apfel rein oder nicht? Schlotzig oder trocken? Dieses Buch geht der Sache auf den Grund \u2013 bissig, sarkastisch und mit einer guten Portion&#8230;<\/p>\n","protected":false},"author":1,"featured_media":0,"parent":0,"menu_order":19,"comment_status":"closed","ping_status":"closed","template":"","meta":{"_kad_blocks_custom_css":"","_kad_blocks_head_custom_js":"","_kad_blocks_body_custom_js":"","_kad_blocks_footer_custom_js":"","_kad_post_transparent":"","_kad_post_title":"","_kad_post_layout":"","_kad_post_sidebar_id":"","_kad_post_content_style":"","_kad_post_vertical_padding":"","_kad_post_feature":"","_kad_post_feature_position":"","_kad_post_header":false,"_kad_post_footer":false,"footnotes":""},"class_list":["post-363","page","type-page","status-publish","hentry"],"taxonomy_info":[],"featured_image_src_large":false,"author_info":{"display_name":"mike","author_link":"https:\/\/swen-mercer.com\/de\/author\/mike\/"},"comment_info":0,"_links":{"self":[{"href":"https:\/\/swen-mercer.com\/de\/wp-json\/wp\/v2\/pages\/363","targetHints":{"allow":["GET"]}}],"collection":[{"href":"https:\/\/swen-mercer.com\/de\/wp-json\/wp\/v2\/pages"}],"about":[{"href":"https:\/\/swen-mercer.com\/de\/wp-json\/wp\/v2\/types\/page"}],"author":[{"embeddable":true,"href":"https:\/\/swen-mercer.com\/de\/wp-json\/wp\/v2\/users\/1"}],"replies":[{"embeddable":true,"href":"https:\/\/swen-mercer.com\/de\/wp-json\/wp\/v2\/comments?post=363"}],"version-history":[{"count":2,"href":"https:\/\/swen-mercer.com\/de\/wp-json\/wp\/v2\/pages\/363\/revisions"}],"predecessor-version":[{"id":369,"href":"https:\/\/swen-mercer.com\/de\/wp-json\/wp\/v2\/pages\/363\/revisions\/369"}],"wp:attachment":[{"href":"https:\/\/swen-mercer.com\/de\/wp-json\/wp\/v2\/media?parent=363"}],"curies":[{"name":"wp","href":"https:\/\/api.w.org\/{rel}","templated":true}]}}