{"id":254,"date":"2025-07-28T09:58:38","date_gmt":"2025-07-28T09:58:38","guid":{"rendered":"https:\/\/swen-mercer.com\/de\/?page_id=254"},"modified":"2025-09-17T13:41:53","modified_gmt":"2025-09-17T13:41:53","slug":"misanthropische-memoiren-2-2-2-2","status":"publish","type":"page","link":"https:\/\/swen-mercer.com\/de\/misanthropische-memoiren-2-2-2-2\/","title":{"rendered":"In einer verr\u00fcckt gewordenen Welt"},"content":{"rendered":"<style>.kadence-column254_152d53-fc > .kt-inside-inner-col,.kadence-column254_152d53-fc > .kt-inside-inner-col:before{border-top-left-radius:0px;border-top-right-radius:0px;border-bottom-right-radius:0px;border-bottom-left-radius:0px;}.kadence-column254_152d53-fc > .kt-inside-inner-col{column-gap:var(--global-kb-gap-sm, 1rem);}.kadence-column254_152d53-fc > .kt-inside-inner-col{flex-direction:column;}.kadence-column254_152d53-fc > .kt-inside-inner-col > .aligncenter{width:100%;}.kadence-column254_152d53-fc > .kt-inside-inner-col:before{opacity:0.3;}.kadence-column254_152d53-fc{position:relative;}@media all and (max-width: 1024px){.kadence-column254_152d53-fc > .kt-inside-inner-col{flex-direction:column;justify-content:center;}}@media all and (max-width: 767px){.kadence-column254_152d53-fc > .kt-inside-inner-col{flex-direction:column;justify-content:center;}}<\/style>\n<div class=\"wp-block-kadence-column kadence-column254_152d53-fc\"><div class=\"kt-inside-inner-col\"><style>.kb-row-layout-id254_4ab4fe-52 > .kt-row-column-wrap{align-content:start;}:where(.kb-row-layout-id254_4ab4fe-52 > .kt-row-column-wrap) > .wp-block-kadence-column{justify-content:start;}.kb-row-layout-id254_4ab4fe-52 > .kt-row-column-wrap{column-gap:var(--global-kb-gap-md, 2rem);row-gap:var(--global-kb-gap-md, 2rem);padding-top:var(--global-kb-spacing-sm, 1.5rem);padding-bottom:var(--global-kb-spacing-sm, 1.5rem);grid-template-columns:minmax(0, calc(45% - ((var(--global-kb-gap-md, 2rem) * 1 )\/2)))minmax(0, calc(55% - ((var(--global-kb-gap-md, 2rem) * 1 )\/2)));}.kb-row-layout-id254_4ab4fe-52 > .kt-row-layout-overlay{opacity:0.30;}@media all and (max-width: 1024px){.kb-row-layout-id254_4ab4fe-52 > .kt-row-column-wrap{grid-template-columns:repeat(2, minmax(0, 1fr));}}@media all and (max-width: 767px){.kb-row-layout-id254_4ab4fe-52 > .kt-row-column-wrap{grid-template-columns:minmax(0, 1fr);}}<\/style><div class=\"kb-row-layout-wrap kb-row-layout-id254_4ab4fe-52 alignnone wp-block-kadence-rowlayout\"><div class=\"kt-row-column-wrap kt-has-2-columns kt-row-layout-equal kt-tab-layout-inherit kt-mobile-layout-row kt-row-valign-top\">\n<style>.kadence-column254_4f3399-7b > .kt-inside-inner-col{display:flex;}.kadence-column254_4f3399-7b > .kt-inside-inner-col,.kadence-column254_4f3399-7b > .kt-inside-inner-col:before{border-top-left-radius:0px;border-top-right-radius:0px;border-bottom-right-radius:0px;border-bottom-left-radius:0px;}.kadence-column254_4f3399-7b > .kt-inside-inner-col{column-gap:var(--global-kb-gap-sm, 1rem);}.kadence-column254_4f3399-7b > .kt-inside-inner-col{flex-direction:column;justify-content:center;align-items:center;}.kadence-column254_4f3399-7b > .kt-inside-inner-col > .kb-image-is-ratio-size{align-self:stretch;}.kadence-column254_4f3399-7b > .kt-inside-inner-col > .wp-block-kadence-advancedgallery{align-self:stretch;}.kadence-column254_4f3399-7b > .kt-inside-inner-col > .aligncenter{width:100%;}.kt-row-column-wrap > .kadence-column254_4f3399-7b{align-self:center;}.kt-inner-column-height-full:not(.kt-has-1-columns) > .wp-block-kadence-column.kadence-column254_4f3399-7b{align-self:auto;}.kt-inner-column-height-full:not(.kt-has-1-columns) > .wp-block-kadence-column.kadence-column254_4f3399-7b > .kt-inside-inner-col{flex-direction:column;justify-content:center;}.kadence-column254_4f3399-7b > .kt-inside-inner-col:before{opacity:0.3;}.kadence-column254_4f3399-7b{position:relative;}@media all and (max-width: 1024px){.kt-row-column-wrap > .kadence-column254_4f3399-7b{align-self:center;}}@media all and (max-width: 1024px){.kt-inner-column-height-full:not(.kt-has-1-columns) > .wp-block-kadence-column.kadence-column254_4f3399-7b{align-self:auto;}}@media all and (max-width: 1024px){.kt-inner-column-height-full:not(.kt-has-1-columns) > .wp-block-kadence-column.kadence-column254_4f3399-7b > .kt-inside-inner-col{flex-direction:column;justify-content:center;}}@media all and (max-width: 1024px){.kadence-column254_4f3399-7b > .kt-inside-inner-col{flex-direction:column;justify-content:center;align-items:center;}}@media all and (max-width: 767px){.kt-row-column-wrap > .kadence-column254_4f3399-7b{align-self:center;}.kt-inner-column-height-full:not(.kt-has-1-columns) > .wp-block-kadence-column.kadence-column254_4f3399-7b{align-self:auto;}.kt-inner-column-height-full:not(.kt-has-1-columns) > .wp-block-kadence-column.kadence-column254_4f3399-7b > .kt-inside-inner-col{flex-direction:column;justify-content:center;}.kadence-column254_4f3399-7b > .kt-inside-inner-col{flex-direction:column;justify-content:center;align-items:center;}}<\/style>\n<div class=\"wp-block-kadence-column kadence-column254_4f3399-7b\"><div class=\"kt-inside-inner-col\"><style>.kb-image254_83d79a-95.kb-image-is-ratio-size, .kb-image254_83d79a-95 .kb-image-is-ratio-size{max-width:395px;width:100%;}.wp-block-kadence-column > .kt-inside-inner-col > .kb-image254_83d79a-95.kb-image-is-ratio-size, .wp-block-kadence-column > .kt-inside-inner-col > .kb-image254_83d79a-95 .kb-image-is-ratio-size{align-self:unset;}.kb-image254_83d79a-95{max-width:395px;}.image-is-svg.kb-image254_83d79a-95{-webkit-flex:0 1 100%;flex:0 1 100%;}.image-is-svg.kb-image254_83d79a-95 img{width:100%;}.kb-image254_83d79a-95 .kb-image-has-overlay:after{opacity:0.3;}<\/style>\n<figure class=\"wp-block-kadence-image kb-image254_83d79a-95 size-full\"><img loading=\"lazy\" decoding=\"async\" width=\"943\" height=\"1500\" src=\"https:\/\/swen-mercer.com\/de\/wp-content\/uploads\/2025\/07\/cover_madworld_ger.jpg\" alt=\"\" class=\"kb-img wp-image-255\"\/><\/figure>\n<\/div><\/div>\n\n\n<style>.kadence-column254_35ed1f-9e > .kt-inside-inner-col,.kadence-column254_35ed1f-9e > .kt-inside-inner-col:before{border-top-left-radius:0px;border-top-right-radius:0px;border-bottom-right-radius:0px;border-bottom-left-radius:0px;}.kadence-column254_35ed1f-9e > .kt-inside-inner-col{column-gap:var(--global-kb-gap-sm, 1rem);}.kadence-column254_35ed1f-9e > .kt-inside-inner-col{flex-direction:column;}.kadence-column254_35ed1f-9e > .kt-inside-inner-col > .aligncenter{width:100%;}.kadence-column254_35ed1f-9e > .kt-inside-inner-col:before{opacity:0.3;}.kadence-column254_35ed1f-9e{position:relative;}@media all and (max-width: 1024px){.kadence-column254_35ed1f-9e > .kt-inside-inner-col{flex-direction:column;justify-content:center;}}@media all and (max-width: 767px){.kadence-column254_35ed1f-9e > .kt-inside-inner-col{flex-direction:column;justify-content:center;}}<\/style>\n<div class=\"wp-block-kadence-column kadence-column254_35ed1f-9e\"><div class=\"kt-inside-inner-col\">\n<h2 class=\"wp-block-heading has-text-align-center\">In einer verr\u00fcckt gewordenen Welt: Trink Kaffee<\/h2>\n\n\n\n<p class=\"has-text-align-center has-small-font-size\"><strong>Wie ich durch eine Kaffeebestellung versehentlich eine Bewegung ins Leben rief<\/strong><\/p>\n\n\n\n<p>In einer Welt, in der das Triviale die Oberhand hat, versucht Timothy Spindle einfach nur zu \u00fcberleben. Von Kaffeehaus-Katastrophen bis hin zu Skandalen um unpassende Socken findet sich Tim in einer Gesellschaft wieder, in der jede kleine Unannehmlichkeit wie eine internationale Krise behandelt wird. W\u00e4hrend sich die Welt ins Absurde steigert &#8211; Unruhen \u00fcber Milchalternativen, globale Panik \u00fcber Selfies von Prominenten und eine landesweite Getreideknappheit &#8211; beginnt Tim sich zu fragen, ob er der Einzige ist, der sieht, wie l\u00e4cherlich das alles ist.<br><br>In dieser bissigen Satire erforscht &#8220;In a World Gone Mad, Drink Coffee&#8221; auf humorvolle Weise die Besessenheit des modernen Lebens vom Unwichtigen. Als Tim versucht, dem Wahnsinn zu entkommen, wird er in die Rolle eines Weisen f\u00fcr eine Gesellschaft gedr\u00e4ngt, die das Unwichtige verehrt. Aber auch wenn er versucht, bei Verstand zu bleiben, dreht sich die Welt weiter, angetrieben von der n\u00e4chsten Emp\u00f6rung in den sozialen Medien oder dem neuesten Trend bei Toilettenpapier.<br><br>Witzig, ironisch und unverbl\u00fcmt sarkastisch, ist dies ein urkomischer Kommentar dazu, wie wir unser Leben von den kleinen Dingen bestimmen lassen. Wenn Sie sich jemals gefragt haben, warum die Menschen sich mehr f\u00fcr ihren Instagram-Feed als f\u00fcr das Weltgeschehen interessieren, ist dieses Buch genau das Richtige f\u00fcr Sie.<\/p>\n\n\n<style>.wp-block-kadence-advancedbtn.kb-btns254_03e03f-44{gap:var(--global-kb-gap-xs, 0.5rem );justify-content:center;align-items:center;}.kt-btns254_03e03f-44 .kt-button{font-weight:normal;font-style:normal;}.kt-btns254_03e03f-44 .kt-btn-wrap-0{margin-right:5px;}.wp-block-kadence-advancedbtn.kt-btns254_03e03f-44 .kt-btn-wrap-0 .kt-button{color:#555555;border-color:#555555;}.wp-block-kadence-advancedbtn.kt-btns254_03e03f-44 .kt-btn-wrap-0 .kt-button:hover, .wp-block-kadence-advancedbtn.kt-btns254_03e03f-44 .kt-btn-wrap-0 .kt-button:focus{color:#ffffff;border-color:#444444;}.wp-block-kadence-advancedbtn.kt-btns254_03e03f-44 .kt-btn-wrap-0 .kt-button::before{display:none;}.wp-block-kadence-advancedbtn.kt-btns254_03e03f-44 .kt-btn-wrap-0 .kt-button:hover, .wp-block-kadence-advancedbtn.kt-btns254_03e03f-44 .kt-btn-wrap-0 .kt-button:focus{background:#444444;}<\/style>\n<div class=\"wp-block-kadence-advancedbtn kb-buttons-wrap kb-btns254_03e03f-44\"><style>ul.menu .wp-block-kadence-advancedbtn .kb-btn254_d85592-c8.kb-button{width:initial;}.wp-block-kadence-advancedbtn .kb-btn254_d85592-c8.kb-button{border-top-left-radius:16px;border-top-right-radius:16px;border-bottom-right-radius:16px;border-bottom-left-radius:16px;}<\/style><a class=\"kb-button kt-button button kb-btn254_d85592-c8 kt-btn-size-standard kt-btn-width-type-auto kb-btn-global-outline  kt-btn-has-text-true kt-btn-has-svg-true  wp-block-kadence-singlebtn\" href=\"https:\/\/swen-mercer.com\/de\/wp-content\/uploads\/2025\/07\/GER-EXT-In-einer-verruckt-gewordenen-Welt.pdf\" target=\"_blank\" rel=\"noreferrer noopener\"><span class=\"kt-btn-inner-text\">Preview<\/span><span class=\"kb-svg-icon-wrap kb-svg-icon-fe_arrowRightCircle kt-btn-icon-side-right\"><svg viewBox=\"0 0 24 24\"  fill=\"none\" stroke=\"currentColor\" stroke-width=\"2\" stroke-linecap=\"round\" stroke-linejoin=\"round\" xmlns=\"http:\/\/www.w3.org\/2000\/svg\"  aria-hidden=\"true\"><circle cx=\"12\" cy=\"12\" r=\"10\"\/><polyline points=\"12 16 16 12 12 8\"\/><line x1=\"8\" y1=\"12\" x2=\"16\" y2=\"12\"\/><\/svg><\/span><\/a>\n\n<style>ul.menu .wp-block-kadence-advancedbtn .kb-btn254_1ae398-71.kb-button{width:initial;}.wp-block-kadence-advancedbtn .kb-btn254_1ae398-71.kb-button{border-top-left-radius:16px;border-top-right-radius:16px;border-bottom-right-radius:16px;border-bottom-left-radius:16px;}<\/style><a class=\"kb-button kt-button button kb-btn254_1ae398-71 kt-btn-size-standard kt-btn-width-type-auto kb-btn-global-outline  kt-btn-has-text-true kt-btn-has-svg-true  wp-block-kadence-singlebtn\" href=\"https:\/\/www.amazon.de\/dp\/B0DJGYGC1Y\" target=\"_blank\" rel=\"noreferrer noopener\"><span class=\"kt-btn-inner-text\">Amazon<\/span><span class=\"kb-svg-icon-wrap kb-svg-icon-fe_arrowRightCircle kt-btn-icon-side-right\"><svg viewBox=\"0 0 24 24\"  fill=\"none\" stroke=\"currentColor\" stroke-width=\"2\" stroke-linecap=\"round\" stroke-linejoin=\"round\" xmlns=\"http:\/\/www.w3.org\/2000\/svg\"  aria-hidden=\"true\"><circle cx=\"12\" cy=\"12\" r=\"10\"\/><polyline points=\"12 16 16 12 12 8\"\/><line x1=\"8\" y1=\"12\" x2=\"16\" y2=\"12\"\/><\/svg><\/span><\/a><\/div>\n<\/div><\/div>\n\n<\/div><\/div><\/div><\/div>\n","protected":false},"excerpt":{"rendered":"<p>In einer verr\u00fcckt gewordenen Welt: Trink Kaffee Wie ich durch eine Kaffeebestellung versehentlich eine Bewegung ins Leben rief In einer Welt, in der das Triviale die Oberhand hat, versucht Timothy Spindle einfach nur zu \u00fcberleben. Von Kaffeehaus-Katastrophen bis hin zu Skandalen um unpassende Socken findet sich Tim in einer Gesellschaft wieder, in der jede kleine&#8230;<\/p>\n","protected":false},"author":1,"featured_media":0,"parent":0,"menu_order":33,"comment_status":"closed","ping_status":"closed","template":"","meta":{"_kad_blocks_custom_css":"","_kad_blocks_head_custom_js":"","_kad_blocks_body_custom_js":"","_kad_blocks_footer_custom_js":"","_kad_post_transparent":"","_kad_post_title":"","_kad_post_layout":"","_kad_post_sidebar_id":"","_kad_post_content_style":"","_kad_post_vertical_padding":"","_kad_post_feature":"","_kad_post_feature_position":"","_kad_post_header":false,"_kad_post_footer":false,"footnotes":""},"class_list":["post-254","page","type-page","status-publish","hentry"],"taxonomy_info":[],"featured_image_src_large":false,"author_info":{"display_name":"mike","author_link":"https:\/\/swen-mercer.com\/de\/author\/mike\/"},"comment_info":0,"_links":{"self":[{"href":"https:\/\/swen-mercer.com\/de\/wp-json\/wp\/v2\/pages\/254","targetHints":{"allow":["GET"]}}],"collection":[{"href":"https:\/\/swen-mercer.com\/de\/wp-json\/wp\/v2\/pages"}],"about":[{"href":"https:\/\/swen-mercer.com\/de\/wp-json\/wp\/v2\/types\/page"}],"author":[{"embeddable":true,"href":"https:\/\/swen-mercer.com\/de\/wp-json\/wp\/v2\/users\/1"}],"replies":[{"embeddable":true,"href":"https:\/\/swen-mercer.com\/de\/wp-json\/wp\/v2\/comments?post=254"}],"version-history":[{"count":2,"href":"https:\/\/swen-mercer.com\/de\/wp-json\/wp\/v2\/pages\/254\/revisions"}],"predecessor-version":[{"id":263,"href":"https:\/\/swen-mercer.com\/de\/wp-json\/wp\/v2\/pages\/254\/revisions\/263"}],"wp:attachment":[{"href":"https:\/\/swen-mercer.com\/de\/wp-json\/wp\/v2\/media?parent=254"}],"curies":[{"name":"wp","href":"https:\/\/api.w.org\/{rel}","templated":true}]}}