{"id":214,"date":"2025-07-22T16:51:04","date_gmt":"2025-07-22T16:51:04","guid":{"rendered":"https:\/\/swen-mercer.com\/de\/?page_id=214"},"modified":"2025-09-17T13:41:53","modified_gmt":"2025-09-17T13:41:53","slug":"misanthropische-memoiren-3-3","status":"publish","type":"page","link":"https:\/\/swen-mercer.com\/de\/misanthropische-memoiren-3-3\/","title":{"rendered":"Mit einem Bein im Abenteuer \u2013 Der Reisende stolpert weiter"},"content":{"rendered":"<style>.kadence-column214_a35ab6-1a > .kt-inside-inner-col,.kadence-column214_a35ab6-1a > .kt-inside-inner-col:before{border-top-left-radius:0px;border-top-right-radius:0px;border-bottom-right-radius:0px;border-bottom-left-radius:0px;}.kadence-column214_a35ab6-1a > .kt-inside-inner-col{column-gap:var(--global-kb-gap-sm, 1rem);}.kadence-column214_a35ab6-1a > .kt-inside-inner-col{flex-direction:column;}.kadence-column214_a35ab6-1a > .kt-inside-inner-col > .aligncenter{width:100%;}.kadence-column214_a35ab6-1a > .kt-inside-inner-col:before{opacity:0.3;}.kadence-column214_a35ab6-1a{position:relative;}@media all and (max-width: 1024px){.kadence-column214_a35ab6-1a > .kt-inside-inner-col{flex-direction:column;justify-content:center;}}@media all and (max-width: 767px){.kadence-column214_a35ab6-1a > .kt-inside-inner-col{flex-direction:column;justify-content:center;}}<\/style>\n<div class=\"wp-block-kadence-column kadence-column214_a35ab6-1a\"><div class=\"kt-inside-inner-col\"><style>.kb-row-layout-id214_32b7ab-e6 > .kt-row-column-wrap{align-content:start;}:where(.kb-row-layout-id214_32b7ab-e6 > .kt-row-column-wrap) > .wp-block-kadence-column{justify-content:start;}.kb-row-layout-id214_32b7ab-e6 > .kt-row-column-wrap{column-gap:var(--global-kb-gap-md, 2rem);row-gap:var(--global-kb-gap-md, 2rem);padding-top:var(--global-kb-spacing-sm, 1.5rem);padding-bottom:var(--global-kb-spacing-sm, 1.5rem);grid-template-columns:minmax(0, calc(45% - ((var(--global-kb-gap-md, 2rem) * 1 )\/2)))minmax(0, calc(55% - ((var(--global-kb-gap-md, 2rem) * 1 )\/2)));}.kb-row-layout-id214_32b7ab-e6 > .kt-row-layout-overlay{opacity:0.30;}@media all and (max-width: 1024px){.kb-row-layout-id214_32b7ab-e6 > .kt-row-column-wrap{grid-template-columns:repeat(2, minmax(0, 1fr));}}@media all and (max-width: 767px){.kb-row-layout-id214_32b7ab-e6 > .kt-row-column-wrap{grid-template-columns:minmax(0, 1fr);}}<\/style><div class=\"kb-row-layout-wrap kb-row-layout-id214_32b7ab-e6 alignnone wp-block-kadence-rowlayout\"><div class=\"kt-row-column-wrap kt-has-2-columns kt-row-layout-equal kt-tab-layout-inherit kt-mobile-layout-row kt-row-valign-top\">\n<style>.kadence-column214_d861bf-8f > .kt-inside-inner-col{display:flex;}.kadence-column214_d861bf-8f > .kt-inside-inner-col,.kadence-column214_d861bf-8f > .kt-inside-inner-col:before{border-top-left-radius:0px;border-top-right-radius:0px;border-bottom-right-radius:0px;border-bottom-left-radius:0px;}.kadence-column214_d861bf-8f > .kt-inside-inner-col{column-gap:var(--global-kb-gap-sm, 1rem);}.kadence-column214_d861bf-8f > .kt-inside-inner-col{flex-direction:column;justify-content:center;align-items:center;}.kadence-column214_d861bf-8f > .kt-inside-inner-col > .kb-image-is-ratio-size{align-self:stretch;}.kadence-column214_d861bf-8f > .kt-inside-inner-col > .wp-block-kadence-advancedgallery{align-self:stretch;}.kadence-column214_d861bf-8f > .kt-inside-inner-col > .aligncenter{width:100%;}.kt-row-column-wrap > .kadence-column214_d861bf-8f{align-self:center;}.kt-inner-column-height-full:not(.kt-has-1-columns) > .wp-block-kadence-column.kadence-column214_d861bf-8f{align-self:auto;}.kt-inner-column-height-full:not(.kt-has-1-columns) > .wp-block-kadence-column.kadence-column214_d861bf-8f > .kt-inside-inner-col{flex-direction:column;justify-content:center;}.kadence-column214_d861bf-8f > .kt-inside-inner-col:before{opacity:0.3;}.kadence-column214_d861bf-8f{position:relative;}@media all and (max-width: 1024px){.kt-row-column-wrap > .kadence-column214_d861bf-8f{align-self:center;}}@media all and (max-width: 1024px){.kt-inner-column-height-full:not(.kt-has-1-columns) > .wp-block-kadence-column.kadence-column214_d861bf-8f{align-self:auto;}}@media all and (max-width: 1024px){.kt-inner-column-height-full:not(.kt-has-1-columns) > .wp-block-kadence-column.kadence-column214_d861bf-8f > .kt-inside-inner-col{flex-direction:column;justify-content:center;}}@media all and (max-width: 1024px){.kadence-column214_d861bf-8f > .kt-inside-inner-col{flex-direction:column;justify-content:center;align-items:center;}}@media all and (max-width: 767px){.kt-row-column-wrap > .kadence-column214_d861bf-8f{align-self:center;}.kt-inner-column-height-full:not(.kt-has-1-columns) > .wp-block-kadence-column.kadence-column214_d861bf-8f{align-self:auto;}.kt-inner-column-height-full:not(.kt-has-1-columns) > .wp-block-kadence-column.kadence-column214_d861bf-8f > .kt-inside-inner-col{flex-direction:column;justify-content:center;}.kadence-column214_d861bf-8f > .kt-inside-inner-col{flex-direction:column;justify-content:center;align-items:center;}}<\/style>\n<div class=\"wp-block-kadence-column kadence-column214_d861bf-8f\"><div class=\"kt-inside-inner-col\"><style>.kb-image214_52d4e9-16.kb-image-is-ratio-size, .kb-image214_52d4e9-16 .kb-image-is-ratio-size{max-width:395px;width:100%;}.wp-block-kadence-column > .kt-inside-inner-col > .kb-image214_52d4e9-16.kb-image-is-ratio-size, .wp-block-kadence-column > .kt-inside-inner-col > .kb-image214_52d4e9-16 .kb-image-is-ratio-size{align-self:unset;}.kb-image214_52d4e9-16{max-width:395px;}.image-is-svg.kb-image214_52d4e9-16{-webkit-flex:0 1 100%;flex:0 1 100%;}.image-is-svg.kb-image214_52d4e9-16 img{width:100%;}.kb-image214_52d4e9-16 .kb-image-has-overlay:after{opacity:0.3;}<\/style>\n<figure class=\"wp-block-kadence-image kb-image214_52d4e9-16 size-full\"><img loading=\"lazy\" decoding=\"async\" width=\"1587\" height=\"2525\" src=\"https:\/\/swen-mercer.com\/de\/wp-content\/uploads\/2025\/07\/cover.jpg\" alt=\"\" class=\"kb-img wp-image-210\"\/><\/figure>\n<\/div><\/div>\n\n\n<style>.kadence-column214_67648a-3a > .kt-inside-inner-col,.kadence-column214_67648a-3a > .kt-inside-inner-col:before{border-top-left-radius:0px;border-top-right-radius:0px;border-bottom-right-radius:0px;border-bottom-left-radius:0px;}.kadence-column214_67648a-3a > .kt-inside-inner-col{column-gap:var(--global-kb-gap-sm, 1rem);}.kadence-column214_67648a-3a > .kt-inside-inner-col{flex-direction:column;}.kadence-column214_67648a-3a > .kt-inside-inner-col > .aligncenter{width:100%;}.kadence-column214_67648a-3a > .kt-inside-inner-col:before{opacity:0.3;}.kadence-column214_67648a-3a{position:relative;}@media all and (max-width: 1024px){.kadence-column214_67648a-3a > .kt-inside-inner-col{flex-direction:column;justify-content:center;}}@media all and (max-width: 767px){.kadence-column214_67648a-3a > .kt-inside-inner-col{flex-direction:column;justify-content:center;}}<\/style>\n<div class=\"wp-block-kadence-column kadence-column214_67648a-3a\"><div class=\"kt-inside-inner-col\">\n<h2 class=\"wp-block-heading has-text-align-center\">Mit einem Bein im Abenteuer<br>Der Reisende stolpert weiter<\/h2>\n\n\n\n<p><strong>Er ist zur\u00fcck \u2013 und noch tollpatschiger als zuvor!<\/strong><\/p>\n\n\n\n<p>Nach seinem ersten katastrophalen Weltreise-Abenteuer dachte unser unverbesserlicher Reisender, er h\u00e4tte alle m\u00f6glichen Pannen bereits erlebt. Wie falsch er lag! In dieser urkomischen Fortsetzung stolpert er von einem Missgeschick ins n\u00e4chste \u2013 und nimmt uns mit auf eine chaotische Reise.<\/p>\n\n\n\n<p><strong>Bereit f\u00fcr das n\u00e4chste Abenteuer?<\/strong><\/p>\n\n\n\n<p>Begleiten Sie unseren charismatisch chaotischen Protagonisten auf seiner Fortsetzungsreise durch die Welt der Reisepannen. Von falschen Fl\u00fcssen \u00fcber verlorenes Gep\u00e4ck bis hin zu gut gemeinten Ratschl\u00e4gen von Freunden \u2013 dieses Buch beweist, dass die besten Geschichten entstehen, wenn alles schiefgeht.<\/p>\n\n\n<style>.wp-block-kadence-advancedbtn.kb-btns214_d3079d-52{gap:var(--global-kb-gap-xs, 0.5rem );justify-content:center;align-items:center;}.kt-btns214_d3079d-52 .kt-button{font-weight:normal;font-style:normal;}.kt-btns214_d3079d-52 .kt-btn-wrap-0{margin-right:5px;}.wp-block-kadence-advancedbtn.kt-btns214_d3079d-52 .kt-btn-wrap-0 .kt-button{color:#555555;border-color:#555555;}.wp-block-kadence-advancedbtn.kt-btns214_d3079d-52 .kt-btn-wrap-0 .kt-button:hover, .wp-block-kadence-advancedbtn.kt-btns214_d3079d-52 .kt-btn-wrap-0 .kt-button:focus{color:#ffffff;border-color:#444444;}.wp-block-kadence-advancedbtn.kt-btns214_d3079d-52 .kt-btn-wrap-0 .kt-button::before{display:none;}.wp-block-kadence-advancedbtn.kt-btns214_d3079d-52 .kt-btn-wrap-0 .kt-button:hover, .wp-block-kadence-advancedbtn.kt-btns214_d3079d-52 .kt-btn-wrap-0 .kt-button:focus{background:#444444;}<\/style>\n<div class=\"wp-block-kadence-advancedbtn kb-buttons-wrap kb-btns214_d3079d-52\"><style>ul.menu .wp-block-kadence-advancedbtn .kb-btn214_60ea01-17.kb-button{width:initial;}.wp-block-kadence-advancedbtn .kb-btn214_60ea01-17.kb-button{border-top-left-radius:16px;border-top-right-radius:16px;border-bottom-right-radius:16px;border-bottom-left-radius:16px;}<\/style><a class=\"kb-button kt-button button kb-btn214_60ea01-17 kt-btn-size-standard kt-btn-width-type-auto kb-btn-global-outline  kt-btn-has-text-true kt-btn-has-svg-true  wp-block-kadence-singlebtn\" href=\"https:\/\/swen-mercer.com\/de\/wp-content\/uploads\/2025\/07\/Ger-FIN-Mit-einem-Bein-im-Abenteuer-\u2013-Der-Reisende-stolpert-weiter.pdf\" target=\"_blank\" rel=\"noreferrer noopener\"><span class=\"kt-btn-inner-text\">Preview<\/span><span class=\"kb-svg-icon-wrap kb-svg-icon-fe_arrowRightCircle kt-btn-icon-side-right\"><svg viewBox=\"0 0 24 24\"  fill=\"none\" stroke=\"currentColor\" stroke-width=\"2\" stroke-linecap=\"round\" stroke-linejoin=\"round\" xmlns=\"http:\/\/www.w3.org\/2000\/svg\"  aria-hidden=\"true\"><circle cx=\"12\" cy=\"12\" r=\"10\"\/><polyline points=\"12 16 16 12 12 8\"\/><line x1=\"8\" y1=\"12\" x2=\"16\" y2=\"12\"\/><\/svg><\/span><\/a>\n\n<style>ul.menu .wp-block-kadence-advancedbtn .kb-btn214_751a56-29.kb-button{width:initial;}.wp-block-kadence-advancedbtn .kb-btn214_751a56-29.kb-button{border-top-left-radius:16px;border-top-right-radius:16px;border-bottom-right-radius:16px;border-bottom-left-radius:16px;}<\/style><a class=\"kb-button kt-button button kb-btn214_751a56-29 kt-btn-size-standard kt-btn-width-type-auto kb-btn-global-outline  kt-btn-has-text-true kt-btn-has-svg-true  wp-block-kadence-singlebtn\" href=\"https:\/\/www.amazon.de\/dp\/B0FJGWVN7Q\" target=\"_blank\" rel=\"noreferrer noopener\"><span class=\"kt-btn-inner-text\">Amazon<\/span><span class=\"kb-svg-icon-wrap kb-svg-icon-fe_arrowRightCircle kt-btn-icon-side-right\"><svg viewBox=\"0 0 24 24\"  fill=\"none\" stroke=\"currentColor\" stroke-width=\"2\" stroke-linecap=\"round\" stroke-linejoin=\"round\" xmlns=\"http:\/\/www.w3.org\/2000\/svg\"  aria-hidden=\"true\"><circle cx=\"12\" cy=\"12\" r=\"10\"\/><polyline points=\"12 16 16 12 12 8\"\/><line x1=\"8\" y1=\"12\" x2=\"16\" y2=\"12\"\/><\/svg><\/span><\/a><\/div>\n<\/div><\/div>\n\n<\/div><\/div><\/div><\/div>\n","protected":false},"excerpt":{"rendered":"<p>Mit einem Bein im AbenteuerDer Reisende stolpert weiter Er ist zur\u00fcck \u2013 und noch tollpatschiger als zuvor! Nach seinem ersten katastrophalen Weltreise-Abenteuer dachte unser unverbesserlicher Reisender, er h\u00e4tte alle m\u00f6glichen Pannen bereits erlebt. Wie falsch er lag! In dieser urkomischen Fortsetzung stolpert er von einem Missgeschick ins n\u00e4chste \u2013 und nimmt uns mit auf eine&#8230;<\/p>\n","protected":false},"author":1,"featured_media":0,"parent":0,"menu_order":32,"comment_status":"closed","ping_status":"closed","template":"","meta":{"_kad_blocks_custom_css":"","_kad_blocks_head_custom_js":"","_kad_blocks_body_custom_js":"","_kad_blocks_footer_custom_js":"","_kad_post_transparent":"","_kad_post_title":"","_kad_post_layout":"","_kad_post_sidebar_id":"","_kad_post_content_style":"","_kad_post_vertical_padding":"","_kad_post_feature":"","_kad_post_feature_position":"","_kad_post_header":false,"_kad_post_footer":false,"footnotes":""},"class_list":["post-214","page","type-page","status-publish","hentry"],"taxonomy_info":[],"featured_image_src_large":false,"author_info":{"display_name":"mike","author_link":"https:\/\/swen-mercer.com\/de\/author\/mike\/"},"comment_info":0,"_links":{"self":[{"href":"https:\/\/swen-mercer.com\/de\/wp-json\/wp\/v2\/pages\/214","targetHints":{"allow":["GET"]}}],"collection":[{"href":"https:\/\/swen-mercer.com\/de\/wp-json\/wp\/v2\/pages"}],"about":[{"href":"https:\/\/swen-mercer.com\/de\/wp-json\/wp\/v2\/types\/page"}],"author":[{"embeddable":true,"href":"https:\/\/swen-mercer.com\/de\/wp-json\/wp\/v2\/users\/1"}],"replies":[{"embeddable":true,"href":"https:\/\/swen-mercer.com\/de\/wp-json\/wp\/v2\/comments?post=214"}],"version-history":[{"count":4,"href":"https:\/\/swen-mercer.com\/de\/wp-json\/wp\/v2\/pages\/214\/revisions"}],"predecessor-version":[{"id":245,"href":"https:\/\/swen-mercer.com\/de\/wp-json\/wp\/v2\/pages\/214\/revisions\/245"}],"wp:attachment":[{"href":"https:\/\/swen-mercer.com\/de\/wp-json\/wp\/v2\/media?parent=214"}],"curies":[{"name":"wp","href":"https:\/\/api.w.org\/{rel}","templated":true}]}}