{"id":177,"date":"2025-07-18T13:31:13","date_gmt":"2025-07-18T13:31:13","guid":{"rendered":"https:\/\/swen-mercer.com\/de\/?page_id=177"},"modified":"2025-09-17T13:41:53","modified_gmt":"2025-09-17T13:41:53","slug":"misanthropische-memoiren-2-2-2","status":"publish","type":"page","link":"https:\/\/swen-mercer.com\/de\/misanthropische-memoiren-2-2-2\/","title":{"rendered":"Misanthropische Memoiren"},"content":{"rendered":"<style>.kadence-column177_45121d-90 > .kt-inside-inner-col,.kadence-column177_45121d-90 > .kt-inside-inner-col:before{border-top-left-radius:0px;border-top-right-radius:0px;border-bottom-right-radius:0px;border-bottom-left-radius:0px;}.kadence-column177_45121d-90 > .kt-inside-inner-col{column-gap:var(--global-kb-gap-sm, 1rem);}.kadence-column177_45121d-90 > .kt-inside-inner-col{flex-direction:column;}.kadence-column177_45121d-90 > .kt-inside-inner-col > .aligncenter{width:100%;}.kadence-column177_45121d-90 > .kt-inside-inner-col:before{opacity:0.3;}.kadence-column177_45121d-90{position:relative;}@media all and (max-width: 1024px){.kadence-column177_45121d-90 > .kt-inside-inner-col{flex-direction:column;justify-content:center;}}@media all and (max-width: 767px){.kadence-column177_45121d-90 > .kt-inside-inner-col{flex-direction:column;justify-content:center;}}<\/style>\n<div class=\"wp-block-kadence-column kadence-column177_45121d-90\"><div class=\"kt-inside-inner-col\"><style>.kb-row-layout-id177_515c55-9a > .kt-row-column-wrap{align-content:start;}:where(.kb-row-layout-id177_515c55-9a > .kt-row-column-wrap) > .wp-block-kadence-column{justify-content:start;}.kb-row-layout-id177_515c55-9a > .kt-row-column-wrap{column-gap:var(--global-kb-gap-md, 2rem);row-gap:var(--global-kb-gap-md, 2rem);padding-top:var(--global-kb-spacing-sm, 1.5rem);padding-bottom:var(--global-kb-spacing-sm, 1.5rem);grid-template-columns:minmax(0, calc(45% - ((var(--global-kb-gap-md, 2rem) * 1 )\/2)))minmax(0, calc(55% - ((var(--global-kb-gap-md, 2rem) * 1 )\/2)));}.kb-row-layout-id177_515c55-9a > .kt-row-layout-overlay{opacity:0.30;}@media all and (max-width: 1024px){.kb-row-layout-id177_515c55-9a > .kt-row-column-wrap{grid-template-columns:repeat(2, minmax(0, 1fr));}}@media all and (max-width: 767px){.kb-row-layout-id177_515c55-9a > .kt-row-column-wrap{grid-template-columns:minmax(0, 1fr);}}<\/style><div class=\"kb-row-layout-wrap kb-row-layout-id177_515c55-9a alignnone wp-block-kadence-rowlayout\"><div class=\"kt-row-column-wrap kt-has-2-columns kt-row-layout-equal kt-tab-layout-inherit kt-mobile-layout-row kt-row-valign-top\">\n<style>.kadence-column177_35e597-c4 > .kt-inside-inner-col{display:flex;}.kadence-column177_35e597-c4 > .kt-inside-inner-col,.kadence-column177_35e597-c4 > .kt-inside-inner-col:before{border-top-left-radius:0px;border-top-right-radius:0px;border-bottom-right-radius:0px;border-bottom-left-radius:0px;}.kadence-column177_35e597-c4 > .kt-inside-inner-col{column-gap:var(--global-kb-gap-sm, 1rem);}.kadence-column177_35e597-c4 > .kt-inside-inner-col{flex-direction:column;justify-content:center;align-items:center;}.kadence-column177_35e597-c4 > .kt-inside-inner-col > .kb-image-is-ratio-size{align-self:stretch;}.kadence-column177_35e597-c4 > .kt-inside-inner-col > .wp-block-kadence-advancedgallery{align-self:stretch;}.kadence-column177_35e597-c4 > .kt-inside-inner-col > .aligncenter{width:100%;}.kt-row-column-wrap > .kadence-column177_35e597-c4{align-self:center;}.kt-inner-column-height-full:not(.kt-has-1-columns) > .wp-block-kadence-column.kadence-column177_35e597-c4{align-self:auto;}.kt-inner-column-height-full:not(.kt-has-1-columns) > .wp-block-kadence-column.kadence-column177_35e597-c4 > .kt-inside-inner-col{flex-direction:column;justify-content:center;}.kadence-column177_35e597-c4 > .kt-inside-inner-col:before{opacity:0.3;}.kadence-column177_35e597-c4{position:relative;}@media all and (max-width: 1024px){.kt-row-column-wrap > .kadence-column177_35e597-c4{align-self:center;}}@media all and (max-width: 1024px){.kt-inner-column-height-full:not(.kt-has-1-columns) > .wp-block-kadence-column.kadence-column177_35e597-c4{align-self:auto;}}@media all and (max-width: 1024px){.kt-inner-column-height-full:not(.kt-has-1-columns) > .wp-block-kadence-column.kadence-column177_35e597-c4 > .kt-inside-inner-col{flex-direction:column;justify-content:center;}}@media all and (max-width: 1024px){.kadence-column177_35e597-c4 > .kt-inside-inner-col{flex-direction:column;justify-content:center;align-items:center;}}@media all and (max-width: 767px){.kt-row-column-wrap > .kadence-column177_35e597-c4{align-self:center;}.kt-inner-column-height-full:not(.kt-has-1-columns) > .wp-block-kadence-column.kadence-column177_35e597-c4{align-self:auto;}.kt-inner-column-height-full:not(.kt-has-1-columns) > .wp-block-kadence-column.kadence-column177_35e597-c4 > .kt-inside-inner-col{flex-direction:column;justify-content:center;}.kadence-column177_35e597-c4 > .kt-inside-inner-col{flex-direction:column;justify-content:center;align-items:center;}}<\/style>\n<div class=\"wp-block-kadence-column kadence-column177_35e597-c4\"><div class=\"kt-inside-inner-col\"><style>.kb-image177_5da7e5-5e.kb-image-is-ratio-size, .kb-image177_5da7e5-5e .kb-image-is-ratio-size{max-width:395px;width:100%;}.wp-block-kadence-column > .kt-inside-inner-col > .kb-image177_5da7e5-5e.kb-image-is-ratio-size, .wp-block-kadence-column > .kt-inside-inner-col > .kb-image177_5da7e5-5e .kb-image-is-ratio-size{align-self:unset;}.kb-image177_5da7e5-5e{max-width:395px;}.image-is-svg.kb-image177_5da7e5-5e{-webkit-flex:0 1 100%;flex:0 1 100%;}.image-is-svg.kb-image177_5da7e5-5e img{width:100%;}.kb-image177_5da7e5-5e .kb-image-has-overlay:after{opacity:0.3;}<\/style>\n<figure class=\"wp-block-kadence-image kb-image177_5da7e5-5e size-large\"><img loading=\"lazy\" decoding=\"async\" width=\"644\" height=\"1024\" src=\"https:\/\/swen-mercer.com\/de\/wp-content\/uploads\/2025\/03\/Cover-644x1024.jpg\" alt=\"\" class=\"kb-img wp-image-37\" srcset=\"https:\/\/swen-mercer.com\/de\/wp-content\/uploads\/2025\/03\/Cover-644x1024.jpg 644w, https:\/\/swen-mercer.com\/de\/wp-content\/uploads\/2025\/03\/Cover-189x300.jpg 189w, https:\/\/swen-mercer.com\/de\/wp-content\/uploads\/2025\/03\/Cover-768x1222.jpg 768w, https:\/\/swen-mercer.com\/de\/wp-content\/uploads\/2025\/03\/Cover-965x1536.jpg 965w, https:\/\/swen-mercer.com\/de\/wp-content\/uploads\/2025\/03\/Cover-1287x2048.jpg 1287w, https:\/\/swen-mercer.com\/de\/wp-content\/uploads\/2025\/03\/Cover.jpg 1587w\" sizes=\"auto, (max-width: 644px) 100vw, 644px\" \/><\/figure>\n<\/div><\/div>\n\n\n<style>.kadence-column177_9812c9-9a > .kt-inside-inner-col,.kadence-column177_9812c9-9a > .kt-inside-inner-col:before{border-top-left-radius:0px;border-top-right-radius:0px;border-bottom-right-radius:0px;border-bottom-left-radius:0px;}.kadence-column177_9812c9-9a > .kt-inside-inner-col{column-gap:var(--global-kb-gap-sm, 1rem);}.kadence-column177_9812c9-9a > .kt-inside-inner-col{flex-direction:column;}.kadence-column177_9812c9-9a > .kt-inside-inner-col > .aligncenter{width:100%;}.kadence-column177_9812c9-9a > .kt-inside-inner-col:before{opacity:0.3;}.kadence-column177_9812c9-9a{position:relative;}@media all and (max-width: 1024px){.kadence-column177_9812c9-9a > .kt-inside-inner-col{flex-direction:column;justify-content:center;}}@media all and (max-width: 767px){.kadence-column177_9812c9-9a > .kt-inside-inner-col{flex-direction:column;justify-content:center;}}<\/style>\n<div class=\"wp-block-kadence-column kadence-column177_9812c9-9a\"><div class=\"kt-inside-inner-col\">\n<h2 class=\"wp-block-heading has-text-align-center\">Misanthropische Memoiren<\/h2>\n\n\n\n<p>Menschenkenntnis ist keine Kunst. Menschenmeidung hingegen&#8230;<\/p>\n\n\n\n<p>Martin Griesgram hat eine besondere Gabe: Er durchschaut die Absurdit\u00e4t zwischenmenschlicher Rituale mit der Pr\u00e4zision eines Schweizer Uhrwerks. Sein gr\u00f6\u00dfter Lebenswunsch? In Ruhe gelassen zu werden. Doch das Universum \u2013 dieser kosmische Praktikant mit fragw\u00fcrdigem Humor \u2013 hat andere Pl\u00e4ne.<\/p>\n\n\n\n<p>Als ein unertr\u00e4glich fr\u00f6hlicher Nachbar namens Thomas Sonnenschein (ja, wirklich) gegen\u00fcber einzieht, beginnt Martins sorgsam kultivierte Einsamkeit zu br\u00f6ckeln. Pl\u00f6tzlich sieht er sich konfrontiert mit Einweihungspartys, spontanen Gespr\u00e4chen im Treppenhaus und \u2013 Gott bewahre \u2013 Nachbarschaftshilfe.<\/p>\n\n\n\n<p>&#8220;Misanthropische Memoiren&#8221; ist die perfekte Lekt\u00fcre f\u00fcr alle, die beim Klang einer T\u00fcrklingel zusammenzucken, die Erfindung von Smalltalk f\u00fcr ein Kriegsverbrechen halten und die bei Gruppenaktivit\u00e4ten innerlich sterben.<\/p>\n\n\n\n<p>Eine bitterb\u00f6se Satire f\u00fcr alle, die Menschen im Allgemeinen furchtbar finden \u2013 aber insgeheim doch nicht ganz ohne sie k\u00f6nnen.<\/p>\n\n\n<style>.wp-block-kadence-advancedbtn.kb-btns177_626ac9-69{gap:var(--global-kb-gap-xs, 0.5rem );justify-content:center;align-items:center;}.kt-btns177_626ac9-69 .kt-button{font-weight:normal;font-style:normal;}.kt-btns177_626ac9-69 .kt-btn-wrap-0{margin-right:5px;}.wp-block-kadence-advancedbtn.kt-btns177_626ac9-69 .kt-btn-wrap-0 .kt-button{color:#555555;border-color:#555555;}.wp-block-kadence-advancedbtn.kt-btns177_626ac9-69 .kt-btn-wrap-0 .kt-button:hover, .wp-block-kadence-advancedbtn.kt-btns177_626ac9-69 .kt-btn-wrap-0 .kt-button:focus{color:#ffffff;border-color:#444444;}.wp-block-kadence-advancedbtn.kt-btns177_626ac9-69 .kt-btn-wrap-0 .kt-button::before{display:none;}.wp-block-kadence-advancedbtn.kt-btns177_626ac9-69 .kt-btn-wrap-0 .kt-button:hover, .wp-block-kadence-advancedbtn.kt-btns177_626ac9-69 .kt-btn-wrap-0 .kt-button:focus{background:#444444;}<\/style>\n<div class=\"wp-block-kadence-advancedbtn kb-buttons-wrap kb-btns177_626ac9-69\"><style>ul.menu .wp-block-kadence-advancedbtn .kb-btn177_08ddc6-90.kb-button{width:initial;}.wp-block-kadence-advancedbtn .kb-btn177_08ddc6-90.kb-button{border-top-left-radius:16px;border-top-right-radius:16px;border-bottom-right-radius:16px;border-bottom-left-radius:16px;}<\/style><a class=\"kb-button kt-button button kb-btn177_08ddc6-90 kt-btn-size-standard kt-btn-width-type-auto kb-btn-global-outline  kt-btn-has-text-true kt-btn-has-svg-true  wp-block-kadence-singlebtn\" href=\"https:\/\/swen-mercer.com\/de\/wp-content\/uploads\/2025\/07\/GER-EXT-Misanthropische-Memoiren.pdf\" target=\"_blank\" rel=\"noreferrer noopener\"><span class=\"kt-btn-inner-text\">Preview<\/span><span class=\"kb-svg-icon-wrap kb-svg-icon-fe_arrowRightCircle kt-btn-icon-side-right\"><svg viewBox=\"0 0 24 24\"  fill=\"none\" stroke=\"currentColor\" stroke-width=\"2\" stroke-linecap=\"round\" stroke-linejoin=\"round\" xmlns=\"http:\/\/www.w3.org\/2000\/svg\"  aria-hidden=\"true\"><circle cx=\"12\" cy=\"12\" r=\"10\"\/><polyline points=\"12 16 16 12 12 8\"\/><line x1=\"8\" y1=\"12\" x2=\"16\" y2=\"12\"\/><\/svg><\/span><\/a>\n\n<style>ul.menu .wp-block-kadence-advancedbtn .kb-btn177_7a94b9-2a.kb-button{width:initial;}.wp-block-kadence-advancedbtn .kb-btn177_7a94b9-2a.kb-button{border-top-left-radius:16px;border-top-right-radius:16px;border-bottom-right-radius:16px;border-bottom-left-radius:16px;}<\/style><a class=\"kb-button kt-button button kb-btn177_7a94b9-2a kt-btn-size-standard kt-btn-width-type-auto kb-btn-global-outline  kt-btn-has-text-true kt-btn-has-svg-true  wp-block-kadence-singlebtn\" href=\"https:\/\/www.amazon.de\/dp\/B0F1TZFS28\" target=\"_blank\" rel=\"noreferrer noopener\"><span class=\"kt-btn-inner-text\">Amazon<\/span><span class=\"kb-svg-icon-wrap kb-svg-icon-fe_arrowRightCircle kt-btn-icon-side-right\"><svg viewBox=\"0 0 24 24\"  fill=\"none\" stroke=\"currentColor\" stroke-width=\"2\" stroke-linecap=\"round\" stroke-linejoin=\"round\" xmlns=\"http:\/\/www.w3.org\/2000\/svg\"  aria-hidden=\"true\"><circle cx=\"12\" cy=\"12\" r=\"10\"\/><polyline points=\"12 16 16 12 12 8\"\/><line x1=\"8\" y1=\"12\" x2=\"16\" y2=\"12\"\/><\/svg><\/span><\/a><\/div>\n<\/div><\/div>\n\n<\/div><\/div><\/div><\/div>\n","protected":false},"excerpt":{"rendered":"<p>Misanthropische Memoiren Menschenkenntnis ist keine Kunst. Menschenmeidung hingegen&#8230; Martin Griesgram hat eine besondere Gabe: Er durchschaut die Absurdit\u00e4t zwischenmenschlicher Rituale mit der Pr\u00e4zision eines Schweizer Uhrwerks. Sein gr\u00f6\u00dfter Lebenswunsch? In Ruhe gelassen zu werden. Doch das Universum \u2013 dieser kosmische Praktikant mit fragw\u00fcrdigem Humor \u2013 hat andere Pl\u00e4ne. Als ein unertr\u00e4glich fr\u00f6hlicher Nachbar namens Thomas&#8230;<\/p>\n","protected":false},"author":1,"featured_media":0,"parent":0,"menu_order":29,"comment_status":"closed","ping_status":"closed","template":"","meta":{"_kad_blocks_custom_css":"","_kad_blocks_head_custom_js":"","_kad_blocks_body_custom_js":"","_kad_blocks_footer_custom_js":"","_kad_post_transparent":"","_kad_post_title":"","_kad_post_layout":"","_kad_post_sidebar_id":"","_kad_post_content_style":"","_kad_post_vertical_padding":"","_kad_post_feature":"","_kad_post_feature_position":"","_kad_post_header":false,"_kad_post_footer":false,"footnotes":""},"class_list":["post-177","page","type-page","status-publish","hentry"],"taxonomy_info":[],"featured_image_src_large":false,"author_info":{"display_name":"mike","author_link":"https:\/\/swen-mercer.com\/de\/author\/mike\/"},"comment_info":0,"_links":{"self":[{"href":"https:\/\/swen-mercer.com\/de\/wp-json\/wp\/v2\/pages\/177","targetHints":{"allow":["GET"]}}],"collection":[{"href":"https:\/\/swen-mercer.com\/de\/wp-json\/wp\/v2\/pages"}],"about":[{"href":"https:\/\/swen-mercer.com\/de\/wp-json\/wp\/v2\/types\/page"}],"author":[{"embeddable":true,"href":"https:\/\/swen-mercer.com\/de\/wp-json\/wp\/v2\/users\/1"}],"replies":[{"embeddable":true,"href":"https:\/\/swen-mercer.com\/de\/wp-json\/wp\/v2\/comments?post=177"}],"version-history":[{"count":8,"href":"https:\/\/swen-mercer.com\/de\/wp-json\/wp\/v2\/pages\/177\/revisions"}],"predecessor-version":[{"id":246,"href":"https:\/\/swen-mercer.com\/de\/wp-json\/wp\/v2\/pages\/177\/revisions\/246"}],"wp:attachment":[{"href":"https:\/\/swen-mercer.com\/de\/wp-json\/wp\/v2\/media?parent=177"}],"curies":[{"name":"wp","href":"https:\/\/api.w.org\/{rel}","templated":true}]}}