{"id":174,"date":"2025-07-18T13:27:07","date_gmt":"2025-07-18T13:27:07","guid":{"rendered":"https:\/\/swen-mercer.com\/de\/?page_id=174"},"modified":"2025-09-17T13:41:53","modified_gmt":"2025-09-17T13:41:53","slug":"misanthropische-memoiren-4","status":"publish","type":"page","link":"https:\/\/swen-mercer.com\/de\/misanthropische-memoiren-4\/","title":{"rendered":"Abenteuer ohne Aussicht"},"content":{"rendered":"<style>.kadence-column174_460a9e-5a > .kt-inside-inner-col,.kadence-column174_460a9e-5a > .kt-inside-inner-col:before{border-top-left-radius:0px;border-top-right-radius:0px;border-bottom-right-radius:0px;border-bottom-left-radius:0px;}.kadence-column174_460a9e-5a > .kt-inside-inner-col{column-gap:var(--global-kb-gap-sm, 1rem);}.kadence-column174_460a9e-5a > .kt-inside-inner-col{flex-direction:column;}.kadence-column174_460a9e-5a > .kt-inside-inner-col > .aligncenter{width:100%;}.kadence-column174_460a9e-5a > .kt-inside-inner-col:before{opacity:0.3;}.kadence-column174_460a9e-5a{position:relative;}@media all and (max-width: 1024px){.kadence-column174_460a9e-5a > .kt-inside-inner-col{flex-direction:column;justify-content:center;}}@media all and (max-width: 767px){.kadence-column174_460a9e-5a > .kt-inside-inner-col{flex-direction:column;justify-content:center;}}<\/style>\n<div class=\"wp-block-kadence-column kadence-column174_460a9e-5a\"><div class=\"kt-inside-inner-col\"><style>.kb-row-layout-id174_133d3a-86 > .kt-row-column-wrap{align-content:start;}:where(.kb-row-layout-id174_133d3a-86 > .kt-row-column-wrap) > .wp-block-kadence-column{justify-content:start;}.kb-row-layout-id174_133d3a-86 > .kt-row-column-wrap{column-gap:var(--global-kb-gap-md, 2rem);row-gap:var(--global-kb-gap-md, 2rem);padding-top:var(--global-kb-spacing-sm, 1.5rem);padding-bottom:var(--global-kb-spacing-sm, 1.5rem);grid-template-columns:minmax(0, calc(45% - ((var(--global-kb-gap-md, 2rem) * 1 )\/2)))minmax(0, calc(55% - ((var(--global-kb-gap-md, 2rem) * 1 )\/2)));}.kb-row-layout-id174_133d3a-86 > .kt-row-layout-overlay{opacity:0.30;}@media all and (max-width: 1024px){.kb-row-layout-id174_133d3a-86 > .kt-row-column-wrap{grid-template-columns:repeat(2, minmax(0, 1fr));}}@media all and (max-width: 767px){.kb-row-layout-id174_133d3a-86 > .kt-row-column-wrap{grid-template-columns:minmax(0, 1fr);}}<\/style><div class=\"kb-row-layout-wrap kb-row-layout-id174_133d3a-86 alignnone wp-block-kadence-rowlayout\"><div class=\"kt-row-column-wrap kt-has-2-columns kt-row-layout-equal kt-tab-layout-inherit kt-mobile-layout-row kt-row-valign-top\">\n<style>.kadence-column174_f2dca6-0a > .kt-inside-inner-col{display:flex;}.kadence-column174_f2dca6-0a > .kt-inside-inner-col,.kadence-column174_f2dca6-0a > .kt-inside-inner-col:before{border-top-left-radius:0px;border-top-right-radius:0px;border-bottom-right-radius:0px;border-bottom-left-radius:0px;}.kadence-column174_f2dca6-0a > .kt-inside-inner-col{column-gap:var(--global-kb-gap-sm, 1rem);}.kadence-column174_f2dca6-0a > .kt-inside-inner-col{flex-direction:column;justify-content:center;align-items:center;}.kadence-column174_f2dca6-0a > .kt-inside-inner-col > .kb-image-is-ratio-size{align-self:stretch;}.kadence-column174_f2dca6-0a > .kt-inside-inner-col > .wp-block-kadence-advancedgallery{align-self:stretch;}.kadence-column174_f2dca6-0a > .kt-inside-inner-col > .aligncenter{width:100%;}.kt-row-column-wrap > .kadence-column174_f2dca6-0a{align-self:center;}.kt-inner-column-height-full:not(.kt-has-1-columns) > .wp-block-kadence-column.kadence-column174_f2dca6-0a{align-self:auto;}.kt-inner-column-height-full:not(.kt-has-1-columns) > .wp-block-kadence-column.kadence-column174_f2dca6-0a > .kt-inside-inner-col{flex-direction:column;justify-content:center;}.kadence-column174_f2dca6-0a > .kt-inside-inner-col:before{opacity:0.3;}.kadence-column174_f2dca6-0a{position:relative;}@media all and (max-width: 1024px){.kt-row-column-wrap > .kadence-column174_f2dca6-0a{align-self:center;}}@media all and (max-width: 1024px){.kt-inner-column-height-full:not(.kt-has-1-columns) > .wp-block-kadence-column.kadence-column174_f2dca6-0a{align-self:auto;}}@media all and (max-width: 1024px){.kt-inner-column-height-full:not(.kt-has-1-columns) > .wp-block-kadence-column.kadence-column174_f2dca6-0a > .kt-inside-inner-col{flex-direction:column;justify-content:center;}}@media all and (max-width: 1024px){.kadence-column174_f2dca6-0a > .kt-inside-inner-col{flex-direction:column;justify-content:center;align-items:center;}}@media all and (max-width: 767px){.kt-row-column-wrap > .kadence-column174_f2dca6-0a{align-self:center;}.kt-inner-column-height-full:not(.kt-has-1-columns) > .wp-block-kadence-column.kadence-column174_f2dca6-0a{align-self:auto;}.kt-inner-column-height-full:not(.kt-has-1-columns) > .wp-block-kadence-column.kadence-column174_f2dca6-0a > .kt-inside-inner-col{flex-direction:column;justify-content:center;}.kadence-column174_f2dca6-0a > .kt-inside-inner-col{flex-direction:column;justify-content:center;align-items:center;}}<\/style>\n<div class=\"wp-block-kadence-column kadence-column174_f2dca6-0a\"><div class=\"kt-inside-inner-col\"><style>.kb-image174_3df817-86.kb-image-is-ratio-size, .kb-image174_3df817-86 .kb-image-is-ratio-size{max-width:395px;width:100%;}.wp-block-kadence-column > .kt-inside-inner-col > .kb-image174_3df817-86.kb-image-is-ratio-size, .wp-block-kadence-column > .kt-inside-inner-col > .kb-image174_3df817-86 .kb-image-is-ratio-size{align-self:unset;}.kb-image174_3df817-86{max-width:395px;}.image-is-svg.kb-image174_3df817-86{-webkit-flex:0 1 100%;flex:0 1 100%;}.image-is-svg.kb-image174_3df817-86 img{width:100%;}.kb-image174_3df817-86 .kb-image-has-overlay:after{opacity:0.3;}<\/style>\n<figure class=\"wp-block-kadence-image kb-image174_3df817-86 size-large\"><img loading=\"lazy\" decoding=\"async\" width=\"644\" height=\"1024\" src=\"https:\/\/swen-mercer.com\/de\/wp-content\/uploads\/2025\/03\/cover-1-644x1024.jpg\" alt=\"\" class=\"kb-img wp-image-46\" srcset=\"https:\/\/swen-mercer.com\/de\/wp-content\/uploads\/2025\/03\/cover-1-644x1024.jpg 644w, https:\/\/swen-mercer.com\/de\/wp-content\/uploads\/2025\/03\/cover-1-189x300.jpg 189w, https:\/\/swen-mercer.com\/de\/wp-content\/uploads\/2025\/03\/cover-1-768x1222.jpg 768w, https:\/\/swen-mercer.com\/de\/wp-content\/uploads\/2025\/03\/cover-1-965x1536.jpg 965w, https:\/\/swen-mercer.com\/de\/wp-content\/uploads\/2025\/03\/cover-1-1287x2048.jpg 1287w, https:\/\/swen-mercer.com\/de\/wp-content\/uploads\/2025\/03\/cover-1.jpg 1587w\" sizes=\"auto, (max-width: 644px) 100vw, 644px\" \/><\/figure>\n<\/div><\/div>\n\n\n<style>.kadence-column174_37ee97-72 > .kt-inside-inner-col,.kadence-column174_37ee97-72 > .kt-inside-inner-col:before{border-top-left-radius:0px;border-top-right-radius:0px;border-bottom-right-radius:0px;border-bottom-left-radius:0px;}.kadence-column174_37ee97-72 > .kt-inside-inner-col{column-gap:var(--global-kb-gap-sm, 1rem);}.kadence-column174_37ee97-72 > .kt-inside-inner-col{flex-direction:column;}.kadence-column174_37ee97-72 > .kt-inside-inner-col > .aligncenter{width:100%;}.kadence-column174_37ee97-72 > .kt-inside-inner-col:before{opacity:0.3;}.kadence-column174_37ee97-72{position:relative;}@media all and (max-width: 1024px){.kadence-column174_37ee97-72 > .kt-inside-inner-col{flex-direction:column;justify-content:center;}}@media all and (max-width: 767px){.kadence-column174_37ee97-72 > .kt-inside-inner-col{flex-direction:column;justify-content:center;}}<\/style>\n<div class=\"wp-block-kadence-column kadence-column174_37ee97-72\"><div class=\"kt-inside-inner-col\">\n<h2 class=\"wp-block-heading has-text-align-center\">Die Welt ruft, der Tourist antwortet mit Inkompetenz: Abenteuer ohne Aussicht<\/h2>\n\n\n\n<p>&#8220;Der Pechvogel auf Weltreise&#8221;<\/p>\n\n\n\n<p>Reisen bildet, sagt man. Manchmal bildet es auch blaue Flecken, gebrochene Herzen und kulinarische Traumata. Folgen Sie dem namenlosen Protagonisten, der einfach nur als &#8220;Der Reisende&#8221; bekannt ist, auf seiner chaotischen Odyssee um die Welt.<\/p>\n\n\n\n<p>Von missgl\u00fcckten Tempelbesuchen in Bangkok bis hin zu kulinarischen Katastrophen in Paris &#8211; unser tollpatschiger Held stolpert von einem Fettn\u00e4pfchen ins n\u00e4chste. Mit einer beeindruckenden F\u00e4higkeit, selbst die einfachsten Situationen in ausgewachsene Katastrophen zu verwandeln, navigiert er durch kulturelle Missverst\u00e4ndnisse, zwielichtige Reisef\u00fchrer und die st\u00e4ndige Frage, ob er vielleicht doch besser zu Hause geblieben w\u00e4re.<\/p>\n\n\n\n<p>Eine humorvolle Reiseerz\u00e4hlung voller Sarkasmus und Selbstironie, die zeigt, dass manchmal die gr\u00f6\u00dften Pannen die besten Geschichten erz\u00e4hlen.<\/p>\n\n\n<style>.wp-block-kadence-advancedbtn.kb-btns174_47f5d1-bb{gap:var(--global-kb-gap-xs, 0.5rem );justify-content:center;align-items:center;}.kt-btns174_47f5d1-bb .kt-button{font-weight:normal;font-style:normal;}.kt-btns174_47f5d1-bb .kt-btn-wrap-0{margin-right:5px;}.wp-block-kadence-advancedbtn.kt-btns174_47f5d1-bb .kt-btn-wrap-0 .kt-button{color:#555555;border-color:#555555;}.wp-block-kadence-advancedbtn.kt-btns174_47f5d1-bb .kt-btn-wrap-0 .kt-button:hover, .wp-block-kadence-advancedbtn.kt-btns174_47f5d1-bb .kt-btn-wrap-0 .kt-button:focus{color:#ffffff;border-color:#444444;}.wp-block-kadence-advancedbtn.kt-btns174_47f5d1-bb .kt-btn-wrap-0 .kt-button::before{display:none;}.wp-block-kadence-advancedbtn.kt-btns174_47f5d1-bb .kt-btn-wrap-0 .kt-button:hover, .wp-block-kadence-advancedbtn.kt-btns174_47f5d1-bb .kt-btn-wrap-0 .kt-button:focus{background:#444444;}<\/style>\n<div class=\"wp-block-kadence-advancedbtn kb-buttons-wrap kb-btns174_47f5d1-bb\"><style>ul.menu .wp-block-kadence-advancedbtn .kb-btn174_fae412-b4.kb-button{width:initial;}.wp-block-kadence-advancedbtn .kb-btn174_fae412-b4.kb-button{border-top-left-radius:16px;border-top-right-radius:16px;border-bottom-right-radius:16px;border-bottom-left-radius:16px;}<\/style><span class=\"kb-button kt-button button kb-btn174_fae412-b4 kt-btn-size-standard kt-btn-width-type-auto kb-btn-global-outline  kt-btn-has-text-true kt-btn-has-svg-true  wp-block-kadence-singlebtn\"><span class=\"kt-btn-inner-text\">Preview<\/span><span class=\"kb-svg-icon-wrap kb-svg-icon-fe_arrowRightCircle kt-btn-icon-side-right\"><svg viewBox=\"0 0 24 24\"  fill=\"none\" stroke=\"currentColor\" stroke-width=\"2\" stroke-linecap=\"round\" stroke-linejoin=\"round\" xmlns=\"http:\/\/www.w3.org\/2000\/svg\"  aria-hidden=\"true\"><circle cx=\"12\" cy=\"12\" r=\"10\"\/><polyline points=\"12 16 16 12 12 8\"\/><line x1=\"8\" y1=\"12\" x2=\"16\" y2=\"12\"\/><\/svg><\/span><\/span>\n\n<style>ul.menu .wp-block-kadence-advancedbtn .kb-btn174_4a51fb-e2.kb-button{width:initial;}.wp-block-kadence-advancedbtn .kb-btn174_4a51fb-e2.kb-button{border-top-left-radius:16px;border-top-right-radius:16px;border-bottom-right-radius:16px;border-bottom-left-radius:16px;}<\/style><a class=\"kb-button kt-button button kb-btn174_4a51fb-e2 kt-btn-size-standard kt-btn-width-type-auto kb-btn-global-outline  kt-btn-has-text-true kt-btn-has-svg-true  wp-block-kadence-singlebtn\" href=\"https:\/\/www.amazon.de\/dp\/B0DS572T63\" target=\"_blank\" rel=\"noreferrer noopener\"><span class=\"kt-btn-inner-text\">Amazon<\/span><span class=\"kb-svg-icon-wrap kb-svg-icon-fe_arrowRightCircle kt-btn-icon-side-right\"><svg viewBox=\"0 0 24 24\"  fill=\"none\" stroke=\"currentColor\" stroke-width=\"2\" stroke-linecap=\"round\" stroke-linejoin=\"round\" xmlns=\"http:\/\/www.w3.org\/2000\/svg\"  aria-hidden=\"true\"><circle cx=\"12\" cy=\"12\" r=\"10\"\/><polyline points=\"12 16 16 12 12 8\"\/><line x1=\"8\" y1=\"12\" x2=\"16\" y2=\"12\"\/><\/svg><\/span><\/a><\/div>\n<\/div><\/div>\n\n<\/div><\/div><\/div><\/div>\n","protected":false},"excerpt":{"rendered":"<p>Die Welt ruft, der Tourist antwortet mit Inkompetenz: Abenteuer ohne Aussicht &#8220;Der Pechvogel auf Weltreise&#8221; Reisen bildet, sagt man. Manchmal bildet es auch blaue Flecken, gebrochene Herzen und kulinarische Traumata. Folgen Sie dem namenlosen Protagonisten, der einfach nur als &#8220;Der Reisende&#8221; bekannt ist, auf seiner chaotischen Odyssee um die Welt. Von missgl\u00fcckten Tempelbesuchen in Bangkok&#8230;<\/p>\n","protected":false},"author":1,"featured_media":0,"parent":0,"menu_order":28,"comment_status":"closed","ping_status":"closed","template":"","meta":{"_kad_blocks_custom_css":"","_kad_blocks_head_custom_js":"","_kad_blocks_body_custom_js":"","_kad_blocks_footer_custom_js":"","_kad_post_transparent":"","_kad_post_title":"","_kad_post_layout":"","_kad_post_sidebar_id":"","_kad_post_content_style":"","_kad_post_vertical_padding":"","_kad_post_feature":"","_kad_post_feature_position":"","_kad_post_header":false,"_kad_post_footer":false,"footnotes":""},"class_list":["post-174","page","type-page","status-publish","hentry"],"taxonomy_info":[],"featured_image_src_large":false,"author_info":{"display_name":"mike","author_link":"https:\/\/swen-mercer.com\/de\/author\/mike\/"},"comment_info":0,"_links":{"self":[{"href":"https:\/\/swen-mercer.com\/de\/wp-json\/wp\/v2\/pages\/174","targetHints":{"allow":["GET"]}}],"collection":[{"href":"https:\/\/swen-mercer.com\/de\/wp-json\/wp\/v2\/pages"}],"about":[{"href":"https:\/\/swen-mercer.com\/de\/wp-json\/wp\/v2\/types\/page"}],"author":[{"embeddable":true,"href":"https:\/\/swen-mercer.com\/de\/wp-json\/wp\/v2\/users\/1"}],"replies":[{"embeddable":true,"href":"https:\/\/swen-mercer.com\/de\/wp-json\/wp\/v2\/comments?post=174"}],"version-history":[{"count":3,"href":"https:\/\/swen-mercer.com\/de\/wp-json\/wp\/v2\/pages\/174\/revisions"}],"predecessor-version":[{"id":275,"href":"https:\/\/swen-mercer.com\/de\/wp-json\/wp\/v2\/pages\/174\/revisions\/275"}],"wp:attachment":[{"href":"https:\/\/swen-mercer.com\/de\/wp-json\/wp\/v2\/media?parent=174"}],"curies":[{"name":"wp","href":"https:\/\/api.w.org\/{rel}","templated":true}]}}