{"id":170,"date":"2025-07-18T13:24:45","date_gmt":"2025-07-18T13:24:45","guid":{"rendered":"https:\/\/swen-mercer.com\/de\/?page_id=170"},"modified":"2025-09-17T13:41:53","modified_gmt":"2025-09-17T13:41:53","slug":"misanthropische-memoiren-3-2","status":"publish","type":"page","link":"https:\/\/swen-mercer.com\/de\/misanthropische-memoiren-3-2\/","title":{"rendered":"Die Welt in Ihrer Tasse"},"content":{"rendered":"<style>.kadence-column170_f5ee15-fa > .kt-inside-inner-col,.kadence-column170_f5ee15-fa > .kt-inside-inner-col:before{border-top-left-radius:0px;border-top-right-radius:0px;border-bottom-right-radius:0px;border-bottom-left-radius:0px;}.kadence-column170_f5ee15-fa > .kt-inside-inner-col{column-gap:var(--global-kb-gap-sm, 1rem);}.kadence-column170_f5ee15-fa > .kt-inside-inner-col{flex-direction:column;}.kadence-column170_f5ee15-fa > .kt-inside-inner-col > .aligncenter{width:100%;}.kadence-column170_f5ee15-fa > .kt-inside-inner-col:before{opacity:0.3;}.kadence-column170_f5ee15-fa{position:relative;}@media all and (max-width: 1024px){.kadence-column170_f5ee15-fa > .kt-inside-inner-col{flex-direction:column;justify-content:center;}}@media all and (max-width: 767px){.kadence-column170_f5ee15-fa > .kt-inside-inner-col{flex-direction:column;justify-content:center;}}<\/style>\n<div class=\"wp-block-kadence-column kadence-column170_f5ee15-fa\"><div class=\"kt-inside-inner-col\"><style>.kb-row-layout-id170_31a072-76 > .kt-row-column-wrap{align-content:start;}:where(.kb-row-layout-id170_31a072-76 > .kt-row-column-wrap) > .wp-block-kadence-column{justify-content:start;}.kb-row-layout-id170_31a072-76 > .kt-row-column-wrap{column-gap:var(--global-kb-gap-md, 2rem);row-gap:var(--global-kb-gap-md, 2rem);padding-top:var(--global-kb-spacing-sm, 1.5rem);padding-bottom:var(--global-kb-spacing-sm, 1.5rem);grid-template-columns:minmax(0, calc(45% - ((var(--global-kb-gap-md, 2rem) * 1 )\/2)))minmax(0, calc(55% - ((var(--global-kb-gap-md, 2rem) * 1 )\/2)));}.kb-row-layout-id170_31a072-76 > .kt-row-layout-overlay{opacity:0.30;}@media all and (max-width: 1024px){.kb-row-layout-id170_31a072-76 > .kt-row-column-wrap{grid-template-columns:repeat(2, minmax(0, 1fr));}}@media all and (max-width: 767px){.kb-row-layout-id170_31a072-76 > .kt-row-column-wrap{grid-template-columns:minmax(0, 1fr);}}<\/style><div class=\"kb-row-layout-wrap kb-row-layout-id170_31a072-76 alignnone wp-block-kadence-rowlayout\"><div class=\"kt-row-column-wrap kt-has-2-columns kt-row-layout-equal kt-tab-layout-inherit kt-mobile-layout-row kt-row-valign-top\">\n<style>.kadence-column170_05ab17-e7 > .kt-inside-inner-col{display:flex;}.kadence-column170_05ab17-e7 > .kt-inside-inner-col,.kadence-column170_05ab17-e7 > .kt-inside-inner-col:before{border-top-left-radius:0px;border-top-right-radius:0px;border-bottom-right-radius:0px;border-bottom-left-radius:0px;}.kadence-column170_05ab17-e7 > .kt-inside-inner-col{column-gap:var(--global-kb-gap-sm, 1rem);}.kadence-column170_05ab17-e7 > .kt-inside-inner-col{flex-direction:column;justify-content:center;align-items:center;}.kadence-column170_05ab17-e7 > .kt-inside-inner-col > .kb-image-is-ratio-size{align-self:stretch;}.kadence-column170_05ab17-e7 > .kt-inside-inner-col > .wp-block-kadence-advancedgallery{align-self:stretch;}.kadence-column170_05ab17-e7 > .kt-inside-inner-col > .aligncenter{width:100%;}.kt-row-column-wrap > .kadence-column170_05ab17-e7{align-self:center;}.kt-inner-column-height-full:not(.kt-has-1-columns) > .wp-block-kadence-column.kadence-column170_05ab17-e7{align-self:auto;}.kt-inner-column-height-full:not(.kt-has-1-columns) > .wp-block-kadence-column.kadence-column170_05ab17-e7 > .kt-inside-inner-col{flex-direction:column;justify-content:center;}.kadence-column170_05ab17-e7 > .kt-inside-inner-col:before{opacity:0.3;}.kadence-column170_05ab17-e7{position:relative;}@media all and (max-width: 1024px){.kt-row-column-wrap > .kadence-column170_05ab17-e7{align-self:center;}}@media all and (max-width: 1024px){.kt-inner-column-height-full:not(.kt-has-1-columns) > .wp-block-kadence-column.kadence-column170_05ab17-e7{align-self:auto;}}@media all and (max-width: 1024px){.kt-inner-column-height-full:not(.kt-has-1-columns) > .wp-block-kadence-column.kadence-column170_05ab17-e7 > .kt-inside-inner-col{flex-direction:column;justify-content:center;}}@media all and (max-width: 1024px){.kadence-column170_05ab17-e7 > .kt-inside-inner-col{flex-direction:column;justify-content:center;align-items:center;}}@media all and (max-width: 767px){.kt-row-column-wrap > .kadence-column170_05ab17-e7{align-self:center;}.kt-inner-column-height-full:not(.kt-has-1-columns) > .wp-block-kadence-column.kadence-column170_05ab17-e7{align-self:auto;}.kt-inner-column-height-full:not(.kt-has-1-columns) > .wp-block-kadence-column.kadence-column170_05ab17-e7 > .kt-inside-inner-col{flex-direction:column;justify-content:center;}.kadence-column170_05ab17-e7 > .kt-inside-inner-col{flex-direction:column;justify-content:center;align-items:center;}}<\/style>\n<div class=\"wp-block-kadence-column kadence-column170_05ab17-e7\"><div class=\"kt-inside-inner-col\"><style>.kb-image170_cf4755-ac.kb-image-is-ratio-size, .kb-image170_cf4755-ac .kb-image-is-ratio-size{max-width:395px;width:100%;}.wp-block-kadence-column > .kt-inside-inner-col > .kb-image170_cf4755-ac.kb-image-is-ratio-size, .wp-block-kadence-column > .kt-inside-inner-col > .kb-image170_cf4755-ac .kb-image-is-ratio-size{align-self:unset;}.kb-image170_cf4755-ac{max-width:395px;}.image-is-svg.kb-image170_cf4755-ac{-webkit-flex:0 1 100%;flex:0 1 100%;}.image-is-svg.kb-image170_cf4755-ac img{width:100%;}.kb-image170_cf4755-ac .kb-image-has-overlay:after{opacity:0.3;}<\/style>\n<figure class=\"wp-block-kadence-image kb-image170_cf4755-ac size-large\"><img loading=\"lazy\" decoding=\"async\" width=\"644\" height=\"1024\" src=\"https:\/\/swen-mercer.com\/de\/wp-content\/uploads\/2025\/07\/Die-Welt-in-einer-Tasse-644x1024.jpg\" alt=\"\" class=\"kb-img wp-image-171\" srcset=\"https:\/\/swen-mercer.com\/de\/wp-content\/uploads\/2025\/07\/Die-Welt-in-einer-Tasse-644x1024.jpg 644w, https:\/\/swen-mercer.com\/de\/wp-content\/uploads\/2025\/07\/Die-Welt-in-einer-Tasse-189x300.jpg 189w, https:\/\/swen-mercer.com\/de\/wp-content\/uploads\/2025\/07\/Die-Welt-in-einer-Tasse-768x1222.jpg 768w, https:\/\/swen-mercer.com\/de\/wp-content\/uploads\/2025\/07\/Die-Welt-in-einer-Tasse.jpg 943w\" sizes=\"auto, (max-width: 644px) 100vw, 644px\" \/><\/figure>\n<\/div><\/div>\n\n\n<style>.kadence-column170_37a9a2-f7 > .kt-inside-inner-col,.kadence-column170_37a9a2-f7 > .kt-inside-inner-col:before{border-top-left-radius:0px;border-top-right-radius:0px;border-bottom-right-radius:0px;border-bottom-left-radius:0px;}.kadence-column170_37a9a2-f7 > .kt-inside-inner-col{column-gap:var(--global-kb-gap-sm, 1rem);}.kadence-column170_37a9a2-f7 > .kt-inside-inner-col{flex-direction:column;}.kadence-column170_37a9a2-f7 > .kt-inside-inner-col > .aligncenter{width:100%;}.kadence-column170_37a9a2-f7 > .kt-inside-inner-col:before{opacity:0.3;}.kadence-column170_37a9a2-f7{position:relative;}@media all and (max-width: 1024px){.kadence-column170_37a9a2-f7 > .kt-inside-inner-col{flex-direction:column;justify-content:center;}}@media all and (max-width: 767px){.kadence-column170_37a9a2-f7 > .kt-inside-inner-col{flex-direction:column;justify-content:center;}}<\/style>\n<div class=\"wp-block-kadence-column kadence-column170_37a9a2-f7\"><div class=\"kt-inside-inner-col\">\n<h2 class=\"wp-block-heading has-text-align-center\">Die Welt in Ihrer Tasse: Kaffeerezepte von allen Kontinenten<\/h2>\n\n\n\n<p class=\"has-text-align-center\">Eine geschmackvolle Reise durch die ber\u00fchmtesten Kaffeetraditionen<\/p>\n\n\n\n<p>\u201eDie Welt in deiner Tasse\u201c nimmt die Leser mit auf eine fesselnde Reise durch die reiche und vielf\u00e4ltige Welt des Kaffees. In diesem Buch werden traditionelle und moderne Kaffeerezepte aus verschiedenen L\u00e4ndern und Kulturen vorgestellt, so dass die Leser die M\u00f6glichkeit haben, einzigartige Aromen und Zubereitungsmethoden aus allen Teilen der Welt kennenzulernen.<br>Von der \u00e4thiopischen Kaffeezeremonie bis zum italienischen Espresso, vom brasilianischen Caf\u00e9 com Leite bis zum vietnamesischen Eiskaffee &#8211; jedes Rezept wird von einer detaillierten Geschichte und kulturellen Einblicken begleitet. Ganz gleich, ob Sie ein gelegentlicher Kaffeeliebhaber oder ein leidenschaftlicher Enthusiast sind, dieses Buch bietet einen umfassenden Leitfaden f\u00fcr die Zubereitung und den Genuss von Kaffee wie ein Einheimischer, ganz gleich, wo Sie sind.<br>Mit Schritt-f\u00fcr-Schritt-Anleitungen, Tipps zur Perfektionierung des Gebr\u00e4us und Ideen f\u00fcr eigene Kaffeerezepte wird \u201eDie Welt in deiner Tasse\u201c die Leser dazu inspirieren, ihre Kaffeezubereitungsf\u00e4higkeiten zu verbessern und neue und aufregende Wege zum Genuss dieses beliebten Getr\u00e4nks zu entdecken.<\/p>\n\n\n<style>.wp-block-kadence-advancedbtn.kb-btns170_2dfa8e-d4{gap:var(--global-kb-gap-xs, 0.5rem );justify-content:center;align-items:center;}.kt-btns170_2dfa8e-d4 .kt-button{font-weight:normal;font-style:normal;}.kt-btns170_2dfa8e-d4 .kt-btn-wrap-0{margin-right:5px;}.wp-block-kadence-advancedbtn.kt-btns170_2dfa8e-d4 .kt-btn-wrap-0 .kt-button{color:#555555;border-color:#555555;}.wp-block-kadence-advancedbtn.kt-btns170_2dfa8e-d4 .kt-btn-wrap-0 .kt-button:hover, .wp-block-kadence-advancedbtn.kt-btns170_2dfa8e-d4 .kt-btn-wrap-0 .kt-button:focus{color:#ffffff;border-color:#444444;}.wp-block-kadence-advancedbtn.kt-btns170_2dfa8e-d4 .kt-btn-wrap-0 .kt-button::before{display:none;}.wp-block-kadence-advancedbtn.kt-btns170_2dfa8e-d4 .kt-btn-wrap-0 .kt-button:hover, .wp-block-kadence-advancedbtn.kt-btns170_2dfa8e-d4 .kt-btn-wrap-0 .kt-button:focus{background:#444444;}<\/style>\n<div class=\"wp-block-kadence-advancedbtn kb-buttons-wrap kb-btns170_2dfa8e-d4\"><style>ul.menu .wp-block-kadence-advancedbtn .kb-btn170_8fa357-76.kb-button{width:initial;}.wp-block-kadence-advancedbtn .kb-btn170_8fa357-76.kb-button{border-top-left-radius:16px;border-top-right-radius:16px;border-bottom-right-radius:16px;border-bottom-left-radius:16px;}<\/style><a class=\"kb-button kt-button button kb-btn170_8fa357-76 kt-btn-size-standard kt-btn-width-type-auto kb-btn-global-outline  kt-btn-has-text-true kt-btn-has-svg-true  wp-block-kadence-singlebtn\" href=\"https:\/\/swen-mercer.com\/de\/wp-content\/uploads\/2025\/07\/GER-EXT-Die-Welt-in-Ihrer-Tasse.pdf\" target=\"_blank\" rel=\"noreferrer noopener\"><span class=\"kt-btn-inner-text\">Preview<\/span><span class=\"kb-svg-icon-wrap kb-svg-icon-fe_arrowRightCircle kt-btn-icon-side-right\"><svg viewBox=\"0 0 24 24\"  fill=\"none\" stroke=\"currentColor\" stroke-width=\"2\" stroke-linecap=\"round\" stroke-linejoin=\"round\" xmlns=\"http:\/\/www.w3.org\/2000\/svg\"  aria-hidden=\"true\"><circle cx=\"12\" cy=\"12\" r=\"10\"\/><polyline points=\"12 16 16 12 12 8\"\/><line x1=\"8\" y1=\"12\" x2=\"16\" y2=\"12\"\/><\/svg><\/span><\/a>\n\n<style>ul.menu .wp-block-kadence-advancedbtn .kb-btn170_a3c623-0c.kb-button{width:initial;}.wp-block-kadence-advancedbtn .kb-btn170_a3c623-0c.kb-button{border-top-left-radius:16px;border-top-right-radius:16px;border-bottom-right-radius:16px;border-bottom-left-radius:16px;}<\/style><a class=\"kb-button kt-button button kb-btn170_a3c623-0c kt-btn-size-standard kt-btn-width-type-auto kb-btn-global-outline  kt-btn-has-text-true kt-btn-has-svg-true  wp-block-kadence-singlebtn\" href=\"https:\/\/www.amazon.de\/dp\/B0DN32MT4S\" target=\"_blank\" rel=\"noreferrer noopener\"><span class=\"kt-btn-inner-text\">Amazon<\/span><span class=\"kb-svg-icon-wrap kb-svg-icon-fe_arrowRightCircle kt-btn-icon-side-right\"><svg viewBox=\"0 0 24 24\"  fill=\"none\" stroke=\"currentColor\" stroke-width=\"2\" stroke-linecap=\"round\" stroke-linejoin=\"round\" xmlns=\"http:\/\/www.w3.org\/2000\/svg\"  aria-hidden=\"true\"><circle cx=\"12\" cy=\"12\" r=\"10\"\/><polyline points=\"12 16 16 12 12 8\"\/><line x1=\"8\" y1=\"12\" x2=\"16\" y2=\"12\"\/><\/svg><\/span><\/a><\/div>\n<\/div><\/div>\n\n<\/div><\/div><\/div><\/div>\n","protected":false},"excerpt":{"rendered":"<p>Die Welt in Ihrer Tasse: Kaffeerezepte von allen Kontinenten Eine geschmackvolle Reise durch die ber\u00fchmtesten Kaffeetraditionen \u201eDie Welt in deiner Tasse\u201c nimmt die Leser mit auf eine fesselnde Reise durch die reiche und vielf\u00e4ltige Welt des Kaffees. In diesem Buch werden traditionelle und moderne Kaffeerezepte aus verschiedenen L\u00e4ndern und Kulturen vorgestellt, so dass die Leser&#8230;<\/p>\n","protected":false},"author":1,"featured_media":0,"parent":0,"menu_order":15,"comment_status":"closed","ping_status":"closed","template":"","meta":{"_kad_blocks_custom_css":"","_kad_blocks_head_custom_js":"","_kad_blocks_body_custom_js":"","_kad_blocks_footer_custom_js":"","_kad_post_transparent":"","_kad_post_title":"","_kad_post_layout":"","_kad_post_sidebar_id":"","_kad_post_content_style":"","_kad_post_vertical_padding":"","_kad_post_feature":"","_kad_post_feature_position":"","_kad_post_header":false,"_kad_post_footer":false,"footnotes":""},"class_list":["post-170","page","type-page","status-publish","hentry"],"taxonomy_info":[],"featured_image_src_large":false,"author_info":{"display_name":"mike","author_link":"https:\/\/swen-mercer.com\/de\/author\/mike\/"},"comment_info":0,"_links":{"self":[{"href":"https:\/\/swen-mercer.com\/de\/wp-json\/wp\/v2\/pages\/170","targetHints":{"allow":["GET"]}}],"collection":[{"href":"https:\/\/swen-mercer.com\/de\/wp-json\/wp\/v2\/pages"}],"about":[{"href":"https:\/\/swen-mercer.com\/de\/wp-json\/wp\/v2\/types\/page"}],"author":[{"embeddable":true,"href":"https:\/\/swen-mercer.com\/de\/wp-json\/wp\/v2\/users\/1"}],"replies":[{"embeddable":true,"href":"https:\/\/swen-mercer.com\/de\/wp-json\/wp\/v2\/comments?post=170"}],"version-history":[{"count":4,"href":"https:\/\/swen-mercer.com\/de\/wp-json\/wp\/v2\/pages\/170\/revisions"}],"predecessor-version":[{"id":261,"href":"https:\/\/swen-mercer.com\/de\/wp-json\/wp\/v2\/pages\/170\/revisions\/261"}],"wp:attachment":[{"href":"https:\/\/swen-mercer.com\/de\/wp-json\/wp\/v2\/media?parent=170"}],"curies":[{"name":"wp","href":"https:\/\/api.w.org\/{rel}","templated":true}]}}