{"id":17,"date":"2025-03-21T14:44:04","date_gmt":"2025-03-21T14:44:04","guid":{"rendered":"https:\/\/swen-mercer.com\/de\/?page_id=17"},"modified":"2025-09-17T13:41:53","modified_gmt":"2025-09-17T13:41:53","slug":"kontakt","status":"publish","type":"page","link":"https:\/\/swen-mercer.com\/de\/kontakt\/","title":{"rendered":"Kontakt"},"content":{"rendered":"<style>.kadence-column17_c7c107-91 > .kt-inside-inner-col,.kadence-column17_c7c107-91 > .kt-inside-inner-col:before{border-top-left-radius:0px;border-top-right-radius:0px;border-bottom-right-radius:0px;border-bottom-left-radius:0px;}.kadence-column17_c7c107-91 > .kt-inside-inner-col{column-gap:var(--global-kb-gap-sm, 1rem);}.kadence-column17_c7c107-91 > .kt-inside-inner-col{flex-direction:column;}.kadence-column17_c7c107-91 > .kt-inside-inner-col > .aligncenter{width:100%;}.kadence-column17_c7c107-91 > .kt-inside-inner-col:before{opacity:0.3;}.kadence-column17_c7c107-91{position:relative;}@media all and (max-width: 1024px){.kadence-column17_c7c107-91 > .kt-inside-inner-col{flex-direction:column;justify-content:center;}}@media all and (max-width: 767px){.kadence-column17_c7c107-91 > .kt-inside-inner-col{flex-direction:column;justify-content:center;}}<\/style>\n<div class=\"wp-block-kadence-column kadence-column17_c7c107-91\"><div class=\"kt-inside-inner-col\"><style>.kb-image17_238f69-a7.kb-image-is-ratio-size, .kb-image17_238f69-a7 .kb-image-is-ratio-size{max-width:211px;width:100%;}.wp-block-kadence-column > .kt-inside-inner-col > .kb-image17_238f69-a7.kb-image-is-ratio-size, .wp-block-kadence-column > .kt-inside-inner-col > .kb-image17_238f69-a7 .kb-image-is-ratio-size{align-self:unset;}.kb-image17_238f69-a7 figure{max-width:211px;}.kb-image17_238f69-a7 .image-is-svg, .kb-image17_238f69-a7 .image-is-svg img{width:100%;}.kb-image17_238f69-a7 .kb-image-has-overlay:after{opacity:0.3;}<\/style>\n<div class=\"wp-block-kadence-image kb-image17_238f69-a7\"><figure class=\"aligncenter size-full\"><img loading=\"lazy\" decoding=\"async\" width=\"1024\" height=\"1536\" src=\"https:\/\/swen-mercer.com\/de\/wp-content\/uploads\/2025\/07\/ChatGPT-Image-Jul-30-2025-08_33_25-PM-Background-Removed.png\" alt=\"\" class=\"kb-img wp-image-294\"\/><\/figure><\/div>\n\n\n<style>.kb-row-layout-id17_48e4d6-d9 > .kt-row-column-wrap{align-content:start;}:where(.kb-row-layout-id17_48e4d6-d9 > .kt-row-column-wrap) > .wp-block-kadence-column{justify-content:start;}.kb-row-layout-id17_48e4d6-d9 > .kt-row-column-wrap{column-gap:var(--global-kb-gap-md, 2rem);row-gap:var(--global-kb-gap-md, 2rem);padding-top:var(--global-kb-spacing-sm, 1.5rem);padding-bottom:var(--global-kb-spacing-sm, 1.5rem);grid-template-columns:minmax(0, 1fr);}.kb-row-layout-id17_48e4d6-d9 > .kt-row-layout-overlay{opacity:0.30;}@media all and (max-width: 1024px){.kb-row-layout-id17_48e4d6-d9 > .kt-row-column-wrap{grid-template-columns:minmax(0, 1fr);}}@media all and (max-width: 767px){.kb-row-layout-id17_48e4d6-d9 > .kt-row-column-wrap{grid-template-columns:minmax(0, 1fr);}}<\/style><div class=\"kb-row-layout-wrap kb-row-layout-id17_48e4d6-d9 alignnone wp-block-kadence-rowlayout\"><div class=\"kt-row-column-wrap kt-has-1-columns kt-row-layout-equal kt-tab-layout-inherit kt-mobile-layout-row kt-row-valign-top\">\n<style>.kadence-column17_dc1d80-1a > .kt-inside-inner-col,.kadence-column17_dc1d80-1a > .kt-inside-inner-col:before{border-top-left-radius:0px;border-top-right-radius:0px;border-bottom-right-radius:0px;border-bottom-left-radius:0px;}.kadence-column17_dc1d80-1a > .kt-inside-inner-col{column-gap:var(--global-kb-gap-sm, 1rem);}.kadence-column17_dc1d80-1a > .kt-inside-inner-col{flex-direction:column;}.kadence-column17_dc1d80-1a > .kt-inside-inner-col > .aligncenter{width:100%;}.kadence-column17_dc1d80-1a > .kt-inside-inner-col:before{opacity:0.3;}.kadence-column17_dc1d80-1a{position:relative;}@media all and (max-width: 1024px){.kadence-column17_dc1d80-1a > .kt-inside-inner-col{flex-direction:column;justify-content:center;}}@media all and (max-width: 767px){.kadence-column17_dc1d80-1a > .kt-inside-inner-col{flex-direction:column;justify-content:center;}}<\/style>\n<div class=\"wp-block-kadence-column kadence-column17_dc1d80-1a\"><div class=\"kt-inside-inner-col\">\n<h1 class=\"wp-block-heading\">Kontakt (Bitte nicht)<\/h1>\n\n\n\n<p>Willkommen auf meiner Kontaktseite! Die Ironie entgeht mir nicht, dass ich eine ganze Seite der Kunst des <em>Nicht-Erreichbar-Seins<\/em> gewidmet habe. Sieh das als digitales &#8220;Bitte Nicht St\u00f6ren&#8221;-Schild, nur mit mehr Worten und fragw\u00fcrdigen Lebensentscheidungen.<\/p>\n\n\n\n<h2 class=\"wp-block-heading\">Aktueller Aufenthaltsort: Irgendwo Anders<\/h2>\n\n\n\n<p>Als digitaler Nomade tippe ich das gerade aus einem Caf\u00e9 in [KLASSIFIZIERT]. K\u00f6nnte Bali sein, k\u00f6nnte Berlin sein, k\u00f6nnte mein Kinderzimmer sein \u2013 das Sch\u00f6ne an Remote-Arbeit ist, dass Geografie genauso flie\u00dfend wird wie mein Schlafrhythmus und meine Beziehung zu geregelten Arbeitszeiten.<\/p>\n\n\n\n<h2 class=\"wp-block-heading\">Wie Du Mich Erreichen K\u00f6nntest: Mehrere Schlechte Optionen<\/h2>\n\n\n\n<p><strong>Flaschenpost<\/strong> \u00d6kologisch fragw\u00fcrdig, aber immerhin habe ich 6-8 Monate Zeit, um mich mental auf menschliche Interaktion vorzubereiten.<\/p>\n\n\n\n<p><strong>Brieftaube<\/strong> Bitte sorge daf\u00fcr, dass deine Taube einen g\u00fcltigen Reisepass hat. Ich wechsle L\u00e4nder \u00f6fter als manche Leute ihre Unterw\u00e4sche.<\/p>\n\n\n\n<p><strong>Gedanken\u00fcbertragung<\/strong> Arbeite noch an der WLAN-Verbindung daf\u00fcr. Satelliteninternet ist in den meisten Dimensionen ziemlich lausig.<\/p>\n\n\n\n<p><strong>E-Mail<\/strong> <em>(seufz)<\/em> Falls du absolut, unbedingt meine sorgf\u00e4ltig gepflegte Einsamkeit st\u00f6ren musst: info@swen-mercer.com<\/p>\n\n\n\n<p><em>Antwortzeit: Irgendwo zwischen 24 Stunden und dem W\u00e4rmetod des Universums, abh\u00e4ngig von meiner aktuellen Zeitzonenverwirrung und dem Koffeinpegel.<\/em><\/p>\n\n\n\n<h2 class=\"wp-block-heading\">Womit Du Mich NICHT Nerven Solltest<\/h2>\n\n\n\n<ul class=\"wp-block-list\">\n<li>&#8220;Mal kurz eine Frage&#8221; (ist nie kurz)<\/li>\n\n\n\n<li>&#8220;Dein Gehirn anzapfen&#8221; (ist nicht so spannend, vertrau mir)<\/li>\n\n\n\n<li>Krypto-Tipps (bin schon reich an Entt\u00e4uschungen)<\/li>\n\n\n\n<li>Deinen Neffen, der &#8220;was mit Computern macht&#8221; und meinen Job f\u00fcr die H\u00e4lfte erledigen k\u00f6nnte<\/li>\n\n\n\n<li>Hochzeitseinladungen von Leuten, die ich nicht kenne (und deren Verwandte erst recht nicht)<\/li>\n<\/ul>\n\n\n\n<h2 class=\"wp-block-heading\">Sprechzeiten<\/h2>\n\n\n\n<p><strong>Montag bis Freitag:<\/strong> Vermutlich am Pennen<br><strong>Wochenenden:<\/strong> Garantiert E-Mails ignorierend<br><strong>Feiertage:<\/strong> Was sind Feiertage, wenn jeder Tag wie Montag ist?<\/p>\n\n\n\n<h2 class=\"wp-block-heading\">Was Andere \u00dcber Ihre Kontaktversuche Sagen<\/h2>\n\n\n\n<p><em>&#8220;Hat nie geantwortet, aber seine Abwesenheitsnotiz war genial.&#8221;<\/em> &#8211; Ehemaliger Kunde, Vermutlich<\/p>\n\n\n\n<p><em>&#8220;Hab ihm drei Nachfass-Mails geschickt. Er hat alle gelesen und mit einem GIF geantwortet.&#8221;<\/em> &#8211; Irgendein Marketing-Team<\/p>\n\n\n\n<p><em>&#8220;Professionell, zuverl\u00e4ssig und geografisch nicht zu fassen.&#8221;<\/em> &#8211; Die Eine Person, Die Es Kapiert<\/p>\n\n\n\n<hr class=\"wp-block-separator has-alpha-channel-opacity\"\/>\n\n\n\n<p><strong>Kleingedrucktes:<\/strong> Allein durch den Besuch dieser Seite hast du mich schon mehr kontaktiert, als mir lieb ist. Bitte geh zum Ausgang (das kleine X in deinem Browser) und hab einen Tag, der so sch\u00f6n ist wie mein Wunsch nach Ruhe.<\/p>\n\n\n\n<p><em>Ignoriere gerade E-Mails von: Irgendeinem Strand, wahrscheinlich<\/em><\/p>\n<\/div><\/div>\n\n<\/div><\/div><\/div><\/div>\n","protected":false},"excerpt":{"rendered":"<p>Kontakt (Bitte nicht) Willkommen auf meiner Kontaktseite! Die Ironie entgeht mir nicht, dass ich eine ganze Seite der Kunst des Nicht-Erreichbar-Seins gewidmet habe. Sieh das als digitales &#8220;Bitte Nicht St\u00f6ren&#8221;-Schild, nur mit mehr Worten und fragw\u00fcrdigen Lebensentscheidungen. Aktueller Aufenthaltsort: Irgendwo Anders Als digitaler Nomade tippe ich das gerade aus einem Caf\u00e9 in [KLASSIFIZIERT]. K\u00f6nnte Bali&#8230;<\/p>\n","protected":false},"author":1,"featured_media":0,"parent":0,"menu_order":34,"comment_status":"closed","ping_status":"closed","template":"","meta":{"_kad_blocks_custom_css":"","_kad_blocks_head_custom_js":"","_kad_blocks_body_custom_js":"","_kad_blocks_footer_custom_js":"","_kad_post_transparent":"","_kad_post_title":"hide","_kad_post_layout":"","_kad_post_sidebar_id":"","_kad_post_content_style":"","_kad_post_vertical_padding":"","_kad_post_feature":"","_kad_post_feature_position":"","_kad_post_header":false,"_kad_post_footer":false,"footnotes":""},"class_list":["post-17","page","type-page","status-publish","hentry"],"taxonomy_info":[],"featured_image_src_large":false,"author_info":{"display_name":"mike","author_link":"https:\/\/swen-mercer.com\/de\/author\/mike\/"},"comment_info":0,"_links":{"self":[{"href":"https:\/\/swen-mercer.com\/de\/wp-json\/wp\/v2\/pages\/17","targetHints":{"allow":["GET"]}}],"collection":[{"href":"https:\/\/swen-mercer.com\/de\/wp-json\/wp\/v2\/pages"}],"about":[{"href":"https:\/\/swen-mercer.com\/de\/wp-json\/wp\/v2\/types\/page"}],"author":[{"embeddable":true,"href":"https:\/\/swen-mercer.com\/de\/wp-json\/wp\/v2\/users\/1"}],"replies":[{"embeddable":true,"href":"https:\/\/swen-mercer.com\/de\/wp-json\/wp\/v2\/comments?post=17"}],"version-history":[{"count":5,"href":"https:\/\/swen-mercer.com\/de\/wp-json\/wp\/v2\/pages\/17\/revisions"}],"predecessor-version":[{"id":295,"href":"https:\/\/swen-mercer.com\/de\/wp-json\/wp\/v2\/pages\/17\/revisions\/295"}],"wp:attachment":[{"href":"https:\/\/swen-mercer.com\/de\/wp-json\/wp\/v2\/media?parent=17"}],"curies":[{"name":"wp","href":"https:\/\/api.w.org\/{rel}","templated":true}]}}