{"id":164,"date":"2025-07-18T13:18:42","date_gmt":"2025-07-18T13:18:42","guid":{"rendered":"https:\/\/swen-mercer.com\/de\/?page_id=164"},"modified":"2025-09-17T13:41:53","modified_gmt":"2025-09-17T13:41:53","slug":"misanthropische-memoiren-3","status":"publish","type":"page","link":"https:\/\/swen-mercer.com\/de\/misanthropische-memoiren-3\/","title":{"rendered":"Die Welt in einer Sch\u00fcssel"},"content":{"rendered":"<style>.kadence-column164_d50fa2-af > .kt-inside-inner-col,.kadence-column164_d50fa2-af > .kt-inside-inner-col:before{border-top-left-radius:0px;border-top-right-radius:0px;border-bottom-right-radius:0px;border-bottom-left-radius:0px;}.kadence-column164_d50fa2-af > .kt-inside-inner-col{column-gap:var(--global-kb-gap-sm, 1rem);}.kadence-column164_d50fa2-af > .kt-inside-inner-col{flex-direction:column;}.kadence-column164_d50fa2-af > .kt-inside-inner-col > .aligncenter{width:100%;}.kadence-column164_d50fa2-af > .kt-inside-inner-col:before{opacity:0.3;}.kadence-column164_d50fa2-af{position:relative;}@media all and (max-width: 1024px){.kadence-column164_d50fa2-af > .kt-inside-inner-col{flex-direction:column;justify-content:center;}}@media all and (max-width: 767px){.kadence-column164_d50fa2-af > .kt-inside-inner-col{flex-direction:column;justify-content:center;}}<\/style>\n<div class=\"wp-block-kadence-column kadence-column164_d50fa2-af\"><div class=\"kt-inside-inner-col\"><style>.kb-row-layout-id164_c97391-10 > .kt-row-column-wrap{align-content:start;}:where(.kb-row-layout-id164_c97391-10 > .kt-row-column-wrap) > .wp-block-kadence-column{justify-content:start;}.kb-row-layout-id164_c97391-10 > .kt-row-column-wrap{column-gap:var(--global-kb-gap-md, 2rem);row-gap:var(--global-kb-gap-md, 2rem);padding-top:var(--global-kb-spacing-sm, 1.5rem);padding-bottom:var(--global-kb-spacing-sm, 1.5rem);grid-template-columns:minmax(0, calc(45% - ((var(--global-kb-gap-md, 2rem) * 1 )\/2)))minmax(0, calc(55% - ((var(--global-kb-gap-md, 2rem) * 1 )\/2)));}.kb-row-layout-id164_c97391-10 > .kt-row-layout-overlay{opacity:0.30;}@media all and (max-width: 1024px){.kb-row-layout-id164_c97391-10 > .kt-row-column-wrap{grid-template-columns:repeat(2, minmax(0, 1fr));}}@media all and (max-width: 767px){.kb-row-layout-id164_c97391-10 > .kt-row-column-wrap{grid-template-columns:minmax(0, 1fr);}}<\/style><div class=\"kb-row-layout-wrap kb-row-layout-id164_c97391-10 alignnone wp-block-kadence-rowlayout\"><div class=\"kt-row-column-wrap kt-has-2-columns kt-row-layout-equal kt-tab-layout-inherit kt-mobile-layout-row kt-row-valign-top\">\n<style>.kadence-column164_0d1c3d-d8 > .kt-inside-inner-col{display:flex;}.kadence-column164_0d1c3d-d8 > .kt-inside-inner-col,.kadence-column164_0d1c3d-d8 > .kt-inside-inner-col:before{border-top-left-radius:0px;border-top-right-radius:0px;border-bottom-right-radius:0px;border-bottom-left-radius:0px;}.kadence-column164_0d1c3d-d8 > .kt-inside-inner-col{column-gap:var(--global-kb-gap-sm, 1rem);}.kadence-column164_0d1c3d-d8 > .kt-inside-inner-col{flex-direction:column;justify-content:center;align-items:center;}.kadence-column164_0d1c3d-d8 > .kt-inside-inner-col > .kb-image-is-ratio-size{align-self:stretch;}.kadence-column164_0d1c3d-d8 > .kt-inside-inner-col > .wp-block-kadence-advancedgallery{align-self:stretch;}.kadence-column164_0d1c3d-d8 > .kt-inside-inner-col > .aligncenter{width:100%;}.kt-row-column-wrap > .kadence-column164_0d1c3d-d8{align-self:center;}.kt-inner-column-height-full:not(.kt-has-1-columns) > .wp-block-kadence-column.kadence-column164_0d1c3d-d8{align-self:auto;}.kt-inner-column-height-full:not(.kt-has-1-columns) > .wp-block-kadence-column.kadence-column164_0d1c3d-d8 > .kt-inside-inner-col{flex-direction:column;justify-content:center;}.kadence-column164_0d1c3d-d8 > .kt-inside-inner-col:before{opacity:0.3;}.kadence-column164_0d1c3d-d8{position:relative;}@media all and (max-width: 1024px){.kt-row-column-wrap > .kadence-column164_0d1c3d-d8{align-self:center;}}@media all and (max-width: 1024px){.kt-inner-column-height-full:not(.kt-has-1-columns) > .wp-block-kadence-column.kadence-column164_0d1c3d-d8{align-self:auto;}}@media all and (max-width: 1024px){.kt-inner-column-height-full:not(.kt-has-1-columns) > .wp-block-kadence-column.kadence-column164_0d1c3d-d8 > .kt-inside-inner-col{flex-direction:column;justify-content:center;}}@media all and (max-width: 1024px){.kadence-column164_0d1c3d-d8 > .kt-inside-inner-col{flex-direction:column;justify-content:center;align-items:center;}}@media all and (max-width: 767px){.kt-row-column-wrap > .kadence-column164_0d1c3d-d8{align-self:center;}.kt-inner-column-height-full:not(.kt-has-1-columns) > .wp-block-kadence-column.kadence-column164_0d1c3d-d8{align-self:auto;}.kt-inner-column-height-full:not(.kt-has-1-columns) > .wp-block-kadence-column.kadence-column164_0d1c3d-d8 > .kt-inside-inner-col{flex-direction:column;justify-content:center;}.kadence-column164_0d1c3d-d8 > .kt-inside-inner-col{flex-direction:column;justify-content:center;align-items:center;}}<\/style>\n<div class=\"wp-block-kadence-column kadence-column164_0d1c3d-d8\"><div class=\"kt-inside-inner-col\"><style>.kb-image164_06856b-f4.kb-image-is-ratio-size, .kb-image164_06856b-f4 .kb-image-is-ratio-size{max-width:395px;width:100%;}.wp-block-kadence-column > .kt-inside-inner-col > .kb-image164_06856b-f4.kb-image-is-ratio-size, .wp-block-kadence-column > .kt-inside-inner-col > .kb-image164_06856b-f4 .kb-image-is-ratio-size{align-self:unset;}.kb-image164_06856b-f4{max-width:395px;}.image-is-svg.kb-image164_06856b-f4{-webkit-flex:0 1 100%;flex:0 1 100%;}.image-is-svg.kb-image164_06856b-f4 img{width:100%;}.kb-image164_06856b-f4 .kb-image-has-overlay:after{opacity:0.3;}<\/style>\n<figure class=\"wp-block-kadence-image kb-image164_06856b-f4 size-large\"><img loading=\"lazy\" decoding=\"async\" width=\"644\" height=\"1024\" src=\"https:\/\/swen-mercer.com\/de\/wp-content\/uploads\/2025\/07\/linsensuppe-644x1024.jpg\" alt=\"\" class=\"kb-img wp-image-167\" srcset=\"https:\/\/swen-mercer.com\/de\/wp-content\/uploads\/2025\/07\/linsensuppe-644x1024.jpg 644w, https:\/\/swen-mercer.com\/de\/wp-content\/uploads\/2025\/07\/linsensuppe-189x300.jpg 189w, https:\/\/swen-mercer.com\/de\/wp-content\/uploads\/2025\/07\/linsensuppe-768x1222.jpg 768w, https:\/\/swen-mercer.com\/de\/wp-content\/uploads\/2025\/07\/linsensuppe.jpg 943w\" sizes=\"auto, (max-width: 644px) 100vw, 644px\" \/><\/figure>\n<\/div><\/div>\n\n\n<style>.kadence-column164_d63f40-64 > .kt-inside-inner-col,.kadence-column164_d63f40-64 > .kt-inside-inner-col:before{border-top-left-radius:0px;border-top-right-radius:0px;border-bottom-right-radius:0px;border-bottom-left-radius:0px;}.kadence-column164_d63f40-64 > .kt-inside-inner-col{column-gap:var(--global-kb-gap-sm, 1rem);}.kadence-column164_d63f40-64 > .kt-inside-inner-col{flex-direction:column;}.kadence-column164_d63f40-64 > .kt-inside-inner-col > .aligncenter{width:100%;}.kadence-column164_d63f40-64 > .kt-inside-inner-col:before{opacity:0.3;}.kadence-column164_d63f40-64{position:relative;}@media all and (max-width: 1024px){.kadence-column164_d63f40-64 > .kt-inside-inner-col{flex-direction:column;justify-content:center;}}@media all and (max-width: 767px){.kadence-column164_d63f40-64 > .kt-inside-inner-col{flex-direction:column;justify-content:center;}}<\/style>\n<div class=\"wp-block-kadence-column kadence-column164_d63f40-64\"><div class=\"kt-inside-inner-col\">\n<h2 class=\"wp-block-heading has-text-align-center\">Die Welt in einer Sch\u00fcssel: Das gro\u00dfe Linsensuppen-Kochbuch<\/h2>\n\n\n\n<p>Von rustikalen bayerischen K\u00fcchen bis zu den lebhaften Stra\u00dfen Istanbuls \u2013 dieser umfassende Ratgeber nimmt Sie mit auf eine weltweite Reise durch die Kunst der Linsensuppenzubereitung. Dies ist nicht einfach nur ein Kochbuch \u2013 es ist eine kulinarische Entdeckungsreise zu einem der \u00e4ltesten und beliebtesten Gerichte der Menschheit, neu interpretiert f\u00fcr die moderne K\u00fcche.<\/p>\n\n\n\n<p>Im Mittelpunkt des Kochbuchs steht eine intensive Auseinandersetzung mit deutschen Linsensuppentraditionen, mit authentischen regionalen Rezepten wie der herzhaften Schw\u00e4bischen Linsensuppe mit Sp\u00e4tzle und der rustikalen Bayerischen Linsensuppe mit Speck. Jedes Rezept wird durch detaillierte historische Hintergr\u00fcnde und Tipps f\u00fcr den perfekten, hausgemachten Geschmack erg\u00e4nzt.<\/p>\n\n\n\n<p>Ob Sie sich mit Ihrem deutschen Erbe verbinden, internationale K\u00fcchen erkunden oder einfach die Kunst der perfekten Linsensuppe beherrschen m\u00f6chten \u2013 dieses Buch bietet f\u00fcr jeden etwas. Es ist mehr als eine Rezeptsammlung \u2013 es ist eine W\u00fcrdigung dessen, wie eine einfache Zutat K\u00fcchen \u00fcber Kulturen und Generationen hinweg vereint hat.<\/p>\n\n\n<style>.wp-block-kadence-advancedbtn.kb-btns164_27f08c-12{gap:var(--global-kb-gap-xs, 0.5rem );justify-content:center;align-items:center;}.kt-btns164_27f08c-12 .kt-button{font-weight:normal;font-style:normal;}.kt-btns164_27f08c-12 .kt-btn-wrap-0{margin-right:5px;}.wp-block-kadence-advancedbtn.kt-btns164_27f08c-12 .kt-btn-wrap-0 .kt-button{color:#555555;border-color:#555555;}.wp-block-kadence-advancedbtn.kt-btns164_27f08c-12 .kt-btn-wrap-0 .kt-button:hover, .wp-block-kadence-advancedbtn.kt-btns164_27f08c-12 .kt-btn-wrap-0 .kt-button:focus{color:#ffffff;border-color:#444444;}.wp-block-kadence-advancedbtn.kt-btns164_27f08c-12 .kt-btn-wrap-0 .kt-button::before{display:none;}.wp-block-kadence-advancedbtn.kt-btns164_27f08c-12 .kt-btn-wrap-0 .kt-button:hover, .wp-block-kadence-advancedbtn.kt-btns164_27f08c-12 .kt-btn-wrap-0 .kt-button:focus{background:#444444;}<\/style>\n<div class=\"wp-block-kadence-advancedbtn kb-buttons-wrap kb-btns164_27f08c-12\"><style>ul.menu .wp-block-kadence-advancedbtn .kb-btn164_c09890-37.kb-button{width:initial;}.wp-block-kadence-advancedbtn .kb-btn164_c09890-37.kb-button{border-top-left-radius:16px;border-top-right-radius:16px;border-bottom-right-radius:16px;border-bottom-left-radius:16px;}<\/style><span class=\"kb-button kt-button button kb-btn164_c09890-37 kt-btn-size-standard kt-btn-width-type-auto kb-btn-global-outline  kt-btn-has-text-true kt-btn-has-svg-true  wp-block-kadence-singlebtn\"><span class=\"kt-btn-inner-text\">Preview<\/span><span class=\"kb-svg-icon-wrap kb-svg-icon-fe_arrowRightCircle kt-btn-icon-side-right\"><svg viewBox=\"0 0 24 24\"  fill=\"none\" stroke=\"currentColor\" stroke-width=\"2\" stroke-linecap=\"round\" stroke-linejoin=\"round\" xmlns=\"http:\/\/www.w3.org\/2000\/svg\"  aria-hidden=\"true\"><circle cx=\"12\" cy=\"12\" r=\"10\"\/><polyline points=\"12 16 16 12 12 8\"\/><line x1=\"8\" y1=\"12\" x2=\"16\" y2=\"12\"\/><\/svg><\/span><\/span>\n\n<style>ul.menu .wp-block-kadence-advancedbtn .kb-btn164_1b51f2-84.kb-button{width:initial;}.wp-block-kadence-advancedbtn .kb-btn164_1b51f2-84.kb-button{border-top-left-radius:16px;border-top-right-radius:16px;border-bottom-right-radius:16px;border-bottom-left-radius:16px;}<\/style><a class=\"kb-button kt-button button kb-btn164_1b51f2-84 kt-btn-size-standard kt-btn-width-type-auto kb-btn-global-outline  kt-btn-has-text-true kt-btn-has-svg-true  wp-block-kadence-singlebtn\" href=\"https:\/\/www.amazon.de\/dp\/B0DXG9LX44\" target=\"_blank\" rel=\"noreferrer noopener\"><span class=\"kt-btn-inner-text\">Amazon<\/span><span class=\"kb-svg-icon-wrap kb-svg-icon-fe_arrowRightCircle kt-btn-icon-side-right\"><svg viewBox=\"0 0 24 24\"  fill=\"none\" stroke=\"currentColor\" stroke-width=\"2\" stroke-linecap=\"round\" stroke-linejoin=\"round\" xmlns=\"http:\/\/www.w3.org\/2000\/svg\"  aria-hidden=\"true\"><circle cx=\"12\" cy=\"12\" r=\"10\"\/><polyline points=\"12 16 16 12 12 8\"\/><line x1=\"8\" y1=\"12\" x2=\"16\" y2=\"12\"\/><\/svg><\/span><\/a><\/div>\n<\/div><\/div>\n\n<\/div><\/div><\/div><\/div>\n","protected":false},"excerpt":{"rendered":"<p>Die Welt in einer Sch\u00fcssel: Das gro\u00dfe Linsensuppen-Kochbuch Von rustikalen bayerischen K\u00fcchen bis zu den lebhaften Stra\u00dfen Istanbuls \u2013 dieser umfassende Ratgeber nimmt Sie mit auf eine weltweite Reise durch die Kunst der Linsensuppenzubereitung. Dies ist nicht einfach nur ein Kochbuch \u2013 es ist eine kulinarische Entdeckungsreise zu einem der \u00e4ltesten und beliebtesten Gerichte der&#8230;<\/p>\n","protected":false},"author":1,"featured_media":0,"parent":0,"menu_order":18,"comment_status":"closed","ping_status":"closed","template":"","meta":{"_kad_blocks_custom_css":"","_kad_blocks_head_custom_js":"","_kad_blocks_body_custom_js":"","_kad_blocks_footer_custom_js":"","_kad_post_transparent":"","_kad_post_title":"","_kad_post_layout":"","_kad_post_sidebar_id":"","_kad_post_content_style":"","_kad_post_vertical_padding":"","_kad_post_feature":"","_kad_post_feature_position":"","_kad_post_header":false,"_kad_post_footer":false,"footnotes":""},"class_list":["post-164","page","type-page","status-publish","hentry"],"taxonomy_info":[],"featured_image_src_large":false,"author_info":{"display_name":"mike","author_link":"https:\/\/swen-mercer.com\/de\/author\/mike\/"},"comment_info":0,"_links":{"self":[{"href":"https:\/\/swen-mercer.com\/de\/wp-json\/wp\/v2\/pages\/164","targetHints":{"allow":["GET"]}}],"collection":[{"href":"https:\/\/swen-mercer.com\/de\/wp-json\/wp\/v2\/pages"}],"about":[{"href":"https:\/\/swen-mercer.com\/de\/wp-json\/wp\/v2\/types\/page"}],"author":[{"embeddable":true,"href":"https:\/\/swen-mercer.com\/de\/wp-json\/wp\/v2\/users\/1"}],"replies":[{"embeddable":true,"href":"https:\/\/swen-mercer.com\/de\/wp-json\/wp\/v2\/comments?post=164"}],"version-history":[{"count":4,"href":"https:\/\/swen-mercer.com\/de\/wp-json\/wp\/v2\/pages\/164\/revisions"}],"predecessor-version":[{"id":247,"href":"https:\/\/swen-mercer.com\/de\/wp-json\/wp\/v2\/pages\/164\/revisions\/247"}],"wp:attachment":[{"href":"https:\/\/swen-mercer.com\/de\/wp-json\/wp\/v2\/media?parent=164"}],"curies":[{"name":"wp","href":"https:\/\/api.w.org\/{rel}","templated":true}]}}