{"id":157,"date":"2025-07-18T13:15:03","date_gmt":"2025-07-18T13:15:03","guid":{"rendered":"https:\/\/swen-mercer.com\/de\/?page_id=157"},"modified":"2025-09-17T13:41:53","modified_gmt":"2025-09-17T13:41:53","slug":"misanthropische-memoiren-2-2","status":"publish","type":"page","link":"https:\/\/swen-mercer.com\/de\/misanthropische-memoiren-2-2\/","title":{"rendered":"Reise leicht &#8211; erlebe mehr"},"content":{"rendered":"<style>.kadence-column157_5f146d-4e > .kt-inside-inner-col,.kadence-column157_5f146d-4e > .kt-inside-inner-col:before{border-top-left-radius:0px;border-top-right-radius:0px;border-bottom-right-radius:0px;border-bottom-left-radius:0px;}.kadence-column157_5f146d-4e > .kt-inside-inner-col{column-gap:var(--global-kb-gap-sm, 1rem);}.kadence-column157_5f146d-4e > .kt-inside-inner-col{flex-direction:column;}.kadence-column157_5f146d-4e > .kt-inside-inner-col > .aligncenter{width:100%;}.kadence-column157_5f146d-4e > .kt-inside-inner-col:before{opacity:0.3;}.kadence-column157_5f146d-4e{position:relative;}@media all and (max-width: 1024px){.kadence-column157_5f146d-4e > .kt-inside-inner-col{flex-direction:column;justify-content:center;}}@media all and (max-width: 767px){.kadence-column157_5f146d-4e > .kt-inside-inner-col{flex-direction:column;justify-content:center;}}<\/style>\n<div class=\"wp-block-kadence-column kadence-column157_5f146d-4e\"><div class=\"kt-inside-inner-col\"><style>.kb-row-layout-id157_56a5f1-7f > .kt-row-column-wrap{align-content:start;}:where(.kb-row-layout-id157_56a5f1-7f > .kt-row-column-wrap) > .wp-block-kadence-column{justify-content:start;}.kb-row-layout-id157_56a5f1-7f > .kt-row-column-wrap{column-gap:var(--global-kb-gap-md, 2rem);row-gap:var(--global-kb-gap-md, 2rem);padding-top:var(--global-kb-spacing-sm, 1.5rem);padding-bottom:var(--global-kb-spacing-sm, 1.5rem);grid-template-columns:minmax(0, calc(45% - ((var(--global-kb-gap-md, 2rem) * 1 )\/2)))minmax(0, calc(55% - ((var(--global-kb-gap-md, 2rem) * 1 )\/2)));}.kb-row-layout-id157_56a5f1-7f > .kt-row-layout-overlay{opacity:0.30;}@media all and (max-width: 1024px){.kb-row-layout-id157_56a5f1-7f > .kt-row-column-wrap{grid-template-columns:repeat(2, minmax(0, 1fr));}}@media all and (max-width: 767px){.kb-row-layout-id157_56a5f1-7f > .kt-row-column-wrap{grid-template-columns:minmax(0, 1fr);}}<\/style><div class=\"kb-row-layout-wrap kb-row-layout-id157_56a5f1-7f alignnone wp-block-kadence-rowlayout\"><div class=\"kt-row-column-wrap kt-has-2-columns kt-row-layout-equal kt-tab-layout-inherit kt-mobile-layout-row kt-row-valign-top\">\n<style>.kadence-column157_d9673e-03 > .kt-inside-inner-col{display:flex;}.kadence-column157_d9673e-03 > .kt-inside-inner-col,.kadence-column157_d9673e-03 > .kt-inside-inner-col:before{border-top-left-radius:0px;border-top-right-radius:0px;border-bottom-right-radius:0px;border-bottom-left-radius:0px;}.kadence-column157_d9673e-03 > .kt-inside-inner-col{column-gap:var(--global-kb-gap-sm, 1rem);}.kadence-column157_d9673e-03 > .kt-inside-inner-col{flex-direction:column;justify-content:center;align-items:center;}.kadence-column157_d9673e-03 > .kt-inside-inner-col > .kb-image-is-ratio-size{align-self:stretch;}.kadence-column157_d9673e-03 > .kt-inside-inner-col > .wp-block-kadence-advancedgallery{align-self:stretch;}.kadence-column157_d9673e-03 > .kt-inside-inner-col > .aligncenter{width:100%;}.kt-row-column-wrap > .kadence-column157_d9673e-03{align-self:center;}.kt-inner-column-height-full:not(.kt-has-1-columns) > .wp-block-kadence-column.kadence-column157_d9673e-03{align-self:auto;}.kt-inner-column-height-full:not(.kt-has-1-columns) > .wp-block-kadence-column.kadence-column157_d9673e-03 > .kt-inside-inner-col{flex-direction:column;justify-content:center;}.kadence-column157_d9673e-03 > .kt-inside-inner-col:before{opacity:0.3;}.kadence-column157_d9673e-03{position:relative;}@media all and (max-width: 1024px){.kt-row-column-wrap > .kadence-column157_d9673e-03{align-self:center;}}@media all and (max-width: 1024px){.kt-inner-column-height-full:not(.kt-has-1-columns) > .wp-block-kadence-column.kadence-column157_d9673e-03{align-self:auto;}}@media all and (max-width: 1024px){.kt-inner-column-height-full:not(.kt-has-1-columns) > .wp-block-kadence-column.kadence-column157_d9673e-03 > .kt-inside-inner-col{flex-direction:column;justify-content:center;}}@media all and (max-width: 1024px){.kadence-column157_d9673e-03 > .kt-inside-inner-col{flex-direction:column;justify-content:center;align-items:center;}}@media all and (max-width: 767px){.kt-row-column-wrap > .kadence-column157_d9673e-03{align-self:center;}.kt-inner-column-height-full:not(.kt-has-1-columns) > .wp-block-kadence-column.kadence-column157_d9673e-03{align-self:auto;}.kt-inner-column-height-full:not(.kt-has-1-columns) > .wp-block-kadence-column.kadence-column157_d9673e-03 > .kt-inside-inner-col{flex-direction:column;justify-content:center;}.kadence-column157_d9673e-03 > .kt-inside-inner-col{flex-direction:column;justify-content:center;align-items:center;}}<\/style>\n<div class=\"wp-block-kadence-column kadence-column157_d9673e-03\"><div class=\"kt-inside-inner-col\"><style>.kb-image157_603e96-e8.kb-image-is-ratio-size, .kb-image157_603e96-e8 .kb-image-is-ratio-size{max-width:395px;width:100%;}.wp-block-kadence-column > .kt-inside-inner-col > .kb-image157_603e96-e8.kb-image-is-ratio-size, .wp-block-kadence-column > .kt-inside-inner-col > .kb-image157_603e96-e8 .kb-image-is-ratio-size{align-self:unset;}.kb-image157_603e96-e8{max-width:395px;}.image-is-svg.kb-image157_603e96-e8{-webkit-flex:0 1 100%;flex:0 1 100%;}.image-is-svg.kb-image157_603e96-e8 img{width:100%;}.kb-image157_603e96-e8 .kb-image-has-overlay:after{opacity:0.3;}<\/style>\n<figure class=\"wp-block-kadence-image kb-image157_603e96-e8 size-large\"><img loading=\"lazy\" decoding=\"async\" width=\"644\" height=\"1024\" src=\"https:\/\/swen-mercer.com\/de\/wp-content\/uploads\/2025\/07\/reise_leicht-644x1024.jpg\" alt=\"\" class=\"kb-img wp-image-159\" srcset=\"https:\/\/swen-mercer.com\/de\/wp-content\/uploads\/2025\/07\/reise_leicht-644x1024.jpg 644w, https:\/\/swen-mercer.com\/de\/wp-content\/uploads\/2025\/07\/reise_leicht-189x300.jpg 189w, https:\/\/swen-mercer.com\/de\/wp-content\/uploads\/2025\/07\/reise_leicht-768x1222.jpg 768w, https:\/\/swen-mercer.com\/de\/wp-content\/uploads\/2025\/07\/reise_leicht.jpg 943w\" sizes=\"auto, (max-width: 644px) 100vw, 644px\" \/><\/figure>\n<\/div><\/div>\n\n\n<style>.kadence-column157_b639fb-ea > .kt-inside-inner-col,.kadence-column157_b639fb-ea > .kt-inside-inner-col:before{border-top-left-radius:0px;border-top-right-radius:0px;border-bottom-right-radius:0px;border-bottom-left-radius:0px;}.kadence-column157_b639fb-ea > .kt-inside-inner-col{column-gap:var(--global-kb-gap-sm, 1rem);}.kadence-column157_b639fb-ea > .kt-inside-inner-col{flex-direction:column;}.kadence-column157_b639fb-ea > .kt-inside-inner-col > .aligncenter{width:100%;}.kadence-column157_b639fb-ea > .kt-inside-inner-col:before{opacity:0.3;}.kadence-column157_b639fb-ea{position:relative;}@media all and (max-width: 1024px){.kadence-column157_b639fb-ea > .kt-inside-inner-col{flex-direction:column;justify-content:center;}}@media all and (max-width: 767px){.kadence-column157_b639fb-ea > .kt-inside-inner-col{flex-direction:column;justify-content:center;}}<\/style>\n<div class=\"wp-block-kadence-column kadence-column157_b639fb-ea\"><div class=\"kt-inside-inner-col\">\n<h2 class=\"wp-block-heading has-text-align-center\">Reise leicht &#8211; erlebe mehr: die Welt bereisen mit leichteren Herzen und Gep\u00e4ck<\/h2>\n\n\n\n<p>Dieses Buch ist ein praktischer Ratgeber, der Reisenden zeigt, wie sie die Welt bequem mit nur einem Handgep\u00e4ckst\u00fcck erkunden k\u00f6nnen, wobei der Schwerpunkt auf den Freuden des Reisens mit leichtem Gep\u00e4ck liegt, ohne auf Komfort oder Stil zu verzichten.<br><br>Die Leser lernen effektive Packtechniken kennen, erhalten Einblicke in die Vorteile des minimalistischen Reisens und erfahren, wie sie ihre Erfahrungen maximieren k\u00f6nnen, indem sie sich auf Qualit\u00e4t statt Quantit\u00e4t konzentrieren. Au\u00dferdem werden sie mit Werkzeugen ausgestattet, mit denen sie ihre Reisen nahtlos an verschiedene Ziele anpassen k\u00f6nnen.<\/p>\n\n\n<style>.wp-block-kadence-advancedbtn.kb-btns157_4fe4b6-d0{gap:var(--global-kb-gap-xs, 0.5rem );justify-content:center;align-items:center;}.kt-btns157_4fe4b6-d0 .kt-button{font-weight:normal;font-style:normal;}.kt-btns157_4fe4b6-d0 .kt-btn-wrap-0{margin-right:5px;}.wp-block-kadence-advancedbtn.kt-btns157_4fe4b6-d0 .kt-btn-wrap-0 .kt-button{color:#555555;border-color:#555555;}.wp-block-kadence-advancedbtn.kt-btns157_4fe4b6-d0 .kt-btn-wrap-0 .kt-button:hover, .wp-block-kadence-advancedbtn.kt-btns157_4fe4b6-d0 .kt-btn-wrap-0 .kt-button:focus{color:#ffffff;border-color:#444444;}.wp-block-kadence-advancedbtn.kt-btns157_4fe4b6-d0 .kt-btn-wrap-0 .kt-button::before{display:none;}.wp-block-kadence-advancedbtn.kt-btns157_4fe4b6-d0 .kt-btn-wrap-0 .kt-button:hover, .wp-block-kadence-advancedbtn.kt-btns157_4fe4b6-d0 .kt-btn-wrap-0 .kt-button:focus{background:#444444;}<\/style>\n<div class=\"wp-block-kadence-advancedbtn kb-buttons-wrap kb-btns157_4fe4b6-d0\"><style>ul.menu .wp-block-kadence-advancedbtn .kb-btn157_a0a9b9-d0.kb-button{width:initial;}.wp-block-kadence-advancedbtn .kb-btn157_a0a9b9-d0.kb-button{border-top-left-radius:16px;border-top-right-radius:16px;border-bottom-right-radius:16px;border-bottom-left-radius:16px;}<\/style><span class=\"kb-button kt-button button kb-btn157_a0a9b9-d0 kt-btn-size-standard kt-btn-width-type-auto kb-btn-global-outline  kt-btn-has-text-true kt-btn-has-svg-true  wp-block-kadence-singlebtn\"><span class=\"kt-btn-inner-text\">Preview<\/span><span class=\"kb-svg-icon-wrap kb-svg-icon-fe_arrowRightCircle kt-btn-icon-side-right\"><svg viewBox=\"0 0 24 24\"  fill=\"none\" stroke=\"currentColor\" stroke-width=\"2\" stroke-linecap=\"round\" stroke-linejoin=\"round\" xmlns=\"http:\/\/www.w3.org\/2000\/svg\"  aria-hidden=\"true\"><circle cx=\"12\" cy=\"12\" r=\"10\"\/><polyline points=\"12 16 16 12 12 8\"\/><line x1=\"8\" y1=\"12\" x2=\"16\" y2=\"12\"\/><\/svg><\/span><\/span>\n\n<style>ul.menu .wp-block-kadence-advancedbtn .kb-btn157_88113b-8f.kb-button{width:initial;}.wp-block-kadence-advancedbtn .kb-btn157_88113b-8f.kb-button{border-top-left-radius:16px;border-top-right-radius:16px;border-bottom-right-radius:16px;border-bottom-left-radius:16px;}<\/style><a class=\"kb-button kt-button button kb-btn157_88113b-8f kt-btn-size-standard kt-btn-width-type-auto kb-btn-global-outline  kt-btn-has-text-true kt-btn-has-svg-true  wp-block-kadence-singlebtn\" href=\"https:\/\/www.amazon.de\/dp\/B0DJ1JG829\"><span class=\"kt-btn-inner-text\">Amazon<\/span><span class=\"kb-svg-icon-wrap kb-svg-icon-fe_arrowRightCircle kt-btn-icon-side-right\"><svg viewBox=\"0 0 24 24\"  fill=\"none\" stroke=\"currentColor\" stroke-width=\"2\" stroke-linecap=\"round\" stroke-linejoin=\"round\" xmlns=\"http:\/\/www.w3.org\/2000\/svg\"  aria-hidden=\"true\"><circle cx=\"12\" cy=\"12\" r=\"10\"\/><polyline points=\"12 16 16 12 12 8\"\/><line x1=\"8\" y1=\"12\" x2=\"16\" y2=\"12\"\/><\/svg><\/span><\/a><\/div>\n<\/div><\/div>\n\n<\/div><\/div><\/div><\/div>\n","protected":false},"excerpt":{"rendered":"<p>Reise leicht &#8211; erlebe mehr: die Welt bereisen mit leichteren Herzen und Gep\u00e4ck Dieses Buch ist ein praktischer Ratgeber, der Reisenden zeigt, wie sie die Welt bequem mit nur einem Handgep\u00e4ckst\u00fcck erkunden k\u00f6nnen, wobei der Schwerpunkt auf den Freuden des Reisens mit leichtem Gep\u00e4ck liegt, ohne auf Komfort oder Stil zu verzichten. Die Leser lernen&#8230;<\/p>\n","protected":false},"author":1,"featured_media":0,"parent":0,"menu_order":17,"comment_status":"closed","ping_status":"closed","template":"","meta":{"_kad_blocks_custom_css":"","_kad_blocks_head_custom_js":"","_kad_blocks_body_custom_js":"","_kad_blocks_footer_custom_js":"","_kad_post_transparent":"","_kad_post_title":"","_kad_post_layout":"","_kad_post_sidebar_id":"","_kad_post_content_style":"","_kad_post_vertical_padding":"","_kad_post_feature":"","_kad_post_feature_position":"","_kad_post_header":false,"_kad_post_footer":false,"footnotes":""},"class_list":["post-157","page","type-page","status-publish","hentry"],"taxonomy_info":[],"featured_image_src_large":false,"author_info":{"display_name":"mike","author_link":"https:\/\/swen-mercer.com\/de\/author\/mike\/"},"comment_info":0,"_links":{"self":[{"href":"https:\/\/swen-mercer.com\/de\/wp-json\/wp\/v2\/pages\/157","targetHints":{"allow":["GET"]}}],"collection":[{"href":"https:\/\/swen-mercer.com\/de\/wp-json\/wp\/v2\/pages"}],"about":[{"href":"https:\/\/swen-mercer.com\/de\/wp-json\/wp\/v2\/types\/page"}],"author":[{"embeddable":true,"href":"https:\/\/swen-mercer.com\/de\/wp-json\/wp\/v2\/users\/1"}],"replies":[{"embeddable":true,"href":"https:\/\/swen-mercer.com\/de\/wp-json\/wp\/v2\/comments?post=157"}],"version-history":[{"count":3,"href":"https:\/\/swen-mercer.com\/de\/wp-json\/wp\/v2\/pages\/157\/revisions"}],"predecessor-version":[{"id":253,"href":"https:\/\/swen-mercer.com\/de\/wp-json\/wp\/v2\/pages\/157\/revisions\/253"}],"wp:attachment":[{"href":"https:\/\/swen-mercer.com\/de\/wp-json\/wp\/v2\/media?parent=157"}],"curies":[{"name":"wp","href":"https:\/\/api.w.org\/{rel}","templated":true}]}}